{"id":4102,"date":"2015-10-13T09:43:02","date_gmt":"2015-10-13T07:43:02","guid":{"rendered":"https:\/\/scheco-ent.ch\/contact\/"},"modified":"2022-06-15T10:07:00","modified_gmt":"2022-06-15T08:07:00","slug":"contact","status":"publish","type":"page","link":"https:\/\/scheco-ent.ch\/fr\/contact\/","title":{"rendered":"Contact"},"content":{"rendered":"<div id='av_section_1'  class='avia-section av-34i91-5720ae78f0570f65b56306c3349cb73c alternate_color avia-section-default avia-no-shadow  avia-builder-el-0  el_before_av_one_full  avia-builder-el-first  avia-bg-style-scroll container_wrap fullsize'  ><div class='container av-section-cont-open' ><main  role=\"main\" itemprop=\"mainContentOfPage\"  class='template-page content  av-content-full alpha units'><div class='post-entry post-entry-type-page post-entry-4102'><div class='entry-content-wrapper clearfix'>\n\n<style type=\"text\/css\" data-created_by=\"avia_inline_auto\" id=\"style-css-av-s0olh-348afa761dc046a58d2d1e990d03e4d6\">\n.flex_column.av-s0olh-348afa761dc046a58d2d1e990d03e4d6{\nborder-radius:0px 0px 0px 0px;\npadding:0px 0px 0px 0px;\n}\n<\/style>\n<div  class='flex_column av-s0olh-348afa761dc046a58d2d1e990d03e4d6 av_one_full  avia-builder-el-1  avia-builder-el-no-sibling  first flex_column_div av-zero-column-padding  '     ><section  class='av_textblock_section av-m7vmd-b804dbbe762820d939e7e3e41d6830ba '   itemscope=\"itemscope\" itemtype=\"https:\/\/schema.org\/CreativeWork\" ><div class='avia_textblock'  itemprop=\"text\" ><h2>Comment contacter Scheco ?<\/h2>\n<p>Sur notre page \u00a0\u00bb <a href=\"http:\/\/www.scheco-ent.ch\/wp\/?page_id=54#top\">Comment nous trouver<\/a> \u00a0\u00bb nous avons list\u00e9 l&rsquo;adresse et les diff\u00e9rents num\u00e9ros avec lesquels vous pouvez nous contacter.<\/p>\n<p>Vous avez \u00e9galement la possibilit\u00e9 de nous contacter via le formulaire WebMail ci-dessous.<\/p>\n<p>Nous sommes heureux de vous conseiller!<\/p>\n<p>Son<br \/>\nScheco Entwasserungstechnik AG<\/p>\n<\/div><\/section><\/div><\/div><\/div><\/main><!-- close content main element --><\/div><\/div><div id='after_section_1'  class='main_color av_default_container_wrap container_wrap fullsize'  ><div class='container av-section-cont-open' ><div class='template-page content  av-content-full alpha units'><div class='post-entry post-entry-type-page post-entry-4102'><div class='entry-content-wrapper clearfix'>\n<style type=\"text\/css\" data-created_by=\"avia_inline_auto\" id=\"style-css-av-e8h65-87748420a85ca78001351ddf948dab56\">\n.flex_column.av-e8h65-87748420a85ca78001351ddf948dab56{\nborder-radius:0px 0px 0px 0px;\npadding:0px 0px 0px 0px;\n}\n<\/style>\n<div  class='flex_column av-e8h65-87748420a85ca78001351ddf948dab56 av_one_full  avia-builder-el-3  el_after_av_section  avia-builder-el-no-sibling  first flex_column_div av-zero-column-padding  '     ><section  class='av_textblock_section av-6x7jp-f57870684887b3cfb95d5fd970243518 '   itemscope=\"itemscope\" itemtype=\"https:\/\/schema.org\/CreativeWork\" ><div class='avia_textblock'  itemprop=\"text\" ><div class=\"text\">\n<h2 class=\"untertitel\">formulaire de contact<\/h2>\n<\/div>\n<div>\n<div class=\"text\">\n<div class=\"wpcf7 no-js\" id=\"wpcf7-f4133-o1\" lang=\"fr-FR\" dir=\"ltr\" data-wpcf7-id=\"4133\">\n<div class=\"screen-reader-response\"><p role=\"status\" aria-live=\"polite\" aria-atomic=\"true\"><\/p> <ul><\/ul><\/div>\n<form action=\"\/fr\/wp-json\/wp\/v2\/pages\/4102#wpcf7-f4133-o1\" method=\"post\" class=\"wpcf7-form init\" aria-label=\"Formulaire de contact\" novalidate=\"novalidate\" data-status=\"init\">\n<div style=\"display: none;\">\n<input type=\"hidden\" name=\"_wpcf7\" value=\"4133\" \/>\n<input type=\"hidden\" name=\"_wpcf7_version\" value=\"6.0.2\" \/>\n<input type=\"hidden\" name=\"_wpcf7_locale\" value=\"fr_FR\" \/>\n<input type=\"hidden\" name=\"_wpcf7_unit_tag\" value=\"wpcf7-f4133-o1\" \/>\n<input type=\"hidden\" name=\"_wpcf7_container_post\" value=\"0\" \/>\n<input type=\"hidden\" name=\"_wpcf7_posted_data_hash\" value=\"\" \/>\n<\/div>\n<p><b><\/b>\n<\/p>\n<h5>Nous souhaitons...\n<\/h5>\n<p><b>Quoi?<\/b><br \/>\n<span class=\"wpcf7-form-control-wrap\" data-name=\"checkbox-267\"><span class=\"wpcf7-form-control wpcf7-checkbox\"><span class=\"wpcf7-list-item first\"><input type=\"checkbox\" name=\"checkbox-267[]\" value=\"une consultation\" \/><span class=\"wpcf7-list-item-label\">une consultation<\/span><\/span><span class=\"wpcf7-list-item\"><input type=\"checkbox\" name=\"checkbox-267[]\" value=\"un projekt\" \/><span class=\"wpcf7-list-item-label\">un projekt<\/span><\/span><span class=\"wpcf7-list-item last\"><input type=\"checkbox\" name=\"checkbox-267[]\" value=\"vote classenr de documentation\" \/><span class=\"wpcf7-list-item-label\">vote classenr de documentation<\/span><\/span><\/span><\/span>\n<\/p>\n<p><b>Comme? *<\/b><br \/>\n<span class=\"wpcf7-form-control-wrap\" data-name=\"checkbox-277\"><span class=\"wpcf7-form-control wpcf7-checkbox wpcf7-validates-as-required\"><span class=\"wpcf7-list-item first\"><input type=\"checkbox\" name=\"checkbox-277[]\" value=\"un rappel par telephone\" \/><span class=\"wpcf7-list-item-label\">un rappel par telephone<\/span><\/span><span class=\"wpcf7-list-item\"><input type=\"checkbox\" name=\"checkbox-277[]\" value=\"r\u00e9ponse par e-mail\" \/><span class=\"wpcf7-list-item-label\">r\u00e9ponse par e-mail<\/span><\/span><span class=\"wpcf7-list-item last\"><input type=\"checkbox\" name=\"checkbox-277[]\" value=\"r\u00e9ponse par Fax\" \/><span class=\"wpcf7-list-item-label\">r\u00e9ponse par Fax<\/span><\/span><\/span><\/span>\n<\/p>\n<p><b>Message<\/b>\n<\/p>\n<div style=\"width: 100%\">\n\t<p><span class=\"wpcf7-form-control-wrap\" data-name=\"your-message\"><textarea cols=\"40\" rows=\"10\" maxlength=\"2000\" class=\"wpcf7-form-control wpcf7-textarea\" aria-invalid=\"false\" name=\"your-message\"><\/textarea><\/span>\n\t<\/p>\n<\/div>\n<p><b>comment nous joindre<\/b>\n<\/p>\n<table id=\"contacttable\" style=\"border: 0; width: 100%;\">\n\t<tr>\n\t\t<td style=\"height: 20px; border:0px; padding-top:5px; vertical-align: middle;\">\n\t\t\t<p>Salutations*\n\t\t\t<\/p>\n\t\t<\/td>\n\t\t<td style=\"border:0px; vertical-align: middle;\">\n\t\t\t<p><span class=\"wpcf7-form-control-wrap\" data-name=\"your-anrede\"><input size=\"40\" maxlength=\"400\" class=\"wpcf7-form-control wpcf7-text wpcf7-validates-as-required\" aria-required=\"true\" aria-invalid=\"false\" value=\"\" type=\"text\" name=\"your-anrede\" \/><\/span>\n\t\t\t<\/p>\n\t\t<\/td>\n\t<\/tr>\n\t<tr>\n\t\t<td style=\"height: 20px; width: 250px; border:0px; padding-top:5px; vertical-align: middle;\">\n\t\t\t<p>Pr\u00e9nom Nom *\n\t\t\t<\/p>\n\t\t<\/td>\n\t\t<td style=\"width: 500px; border:0px; vertical-align: middle;\">\n\t\t\t<p><span class=\"wpcf7-form-control-wrap\" data-name=\"your-name\"><input size=\"40\" maxlength=\"400\" class=\"wpcf7-form-control wpcf7-text wpcf7-validates-as-required\" aria-required=\"true\" aria-invalid=\"false\" value=\"\" type=\"text\" name=\"your-name\" \/><\/span>\n\t\t\t<\/p>\n\t\t<\/td>\n\t<\/tr>\n\t<tr>\n\t\t<td style=\"border:0px; padding-top:5px; vertical-align: middle;\">\n\t\t\t<p>compagnie\n\t\t\t<\/p>\n\t\t<\/td>\n\t\t<td style=\"border:0px; vertical-align: middle;\">\n\t\t\t<p><span class=\"wpcf7-form-control-wrap\" data-name=\"your-firma\"><input size=\"40\" maxlength=\"400\" class=\"wpcf7-form-control wpcf7-text\" aria-invalid=\"false\" value=\"\" type=\"text\" name=\"your-firma\" \/><\/span>\n\t\t\t<\/p>\n\t\t<\/td>\n\t<\/tr>\n\t<tr>\n\t\t<td style=\"border:0px; padding-top:5px; vertical-align: middle;\">\n\t\t\t<p>adresse\n\t\t\t<\/p>\n\t\t<\/td>\n\t\t<td style=\"border:0px; vertical-align: middle;\">\n\t\t\t<p><span class=\"wpcf7-form-control-wrap\" data-name=\"your-adresse\"><input size=\"40\" maxlength=\"400\" class=\"wpcf7-form-control wpcf7-text\" aria-invalid=\"false\" value=\"\" type=\"text\" name=\"your-adresse\" \/><\/span>\n\t\t\t<\/p>\n\t\t<\/td>\n\t<\/tr>\n\t<tr>\n\t\t<td style=\"border:0px; padding-top:5px; vertical-align: middle;\">\n\t\t\t<p>t\u00e9l\u00e9phone\n\t\t\t<\/p>\n\t\t<\/td>\n\t\t<td style=\"border:0px; vertical-align: middle;\">\n\t\t\t<p><span class=\"wpcf7-form-control-wrap\" data-name=\"your-telefon\"><input size=\"40\" maxlength=\"400\" class=\"wpcf7-form-control wpcf7-text\" aria-invalid=\"false\" value=\"\" type=\"text\" name=\"your-telefon\" \/><\/span>\n\t\t\t<\/p>\n\t\t<\/td>\n\t<\/tr>\n\t<tr>\n\t\t<td style=\"border:0px; padding-top:5px; vertical-align: middle;\">\n\t\t\t<p>t\u00e9l\u00e9phone mobile\n\t\t\t<\/p>\n\t\t<\/td>\n\t\t<td style=\"border:0px; vertical-align: middle;\">\n\t\t\t<p><span class=\"wpcf7-form-control-wrap\" data-name=\"your-mtelefon\"><input size=\"40\" maxlength=\"400\" class=\"wpcf7-form-control wpcf7-text\" aria-invalid=\"false\" value=\"\" type=\"text\" name=\"your-mtelefon\" \/><\/span>\n\t\t\t<\/p>\n\t\t<\/td>\n\t<\/tr>\n\t<tr>\n\t\t<td style=\"border:0px; padding-top:5px; vertical-align: middle;\">\n\t\t\t<p>fax\n\t\t\t<\/p>\n\t\t<\/td>\n\t\t<td style=\"border:0px; vertical-align: middle;\">\n\t\t\t<p><span class=\"wpcf7-form-control-wrap\" data-name=\"your-fax\"><input size=\"40\" maxlength=\"400\" class=\"wpcf7-form-control wpcf7-text\" aria-invalid=\"false\" value=\"\" type=\"text\" name=\"your-fax\" \/><\/span>\n\t\t\t<\/p>\n\t\t<\/td>\n\t<\/tr>\n\t<tr>\n\t\t<td style=\"border:0px; padding-top:5px; vertical-align: middle;\">\n\t\t\t<p>Adresse e-mail *\n\t\t\t<\/p>\n\t\t<\/td>\n\t\t<td style=\"border:0px; vertical-align: middle;\">\n\t\t\t<p><span class=\"wpcf7-form-control-wrap\" data-name=\"your-email\"><input size=\"40\" maxlength=\"400\" class=\"wpcf7-form-control wpcf7-email wpcf7-validates-as-required wpcf7-text wpcf7-validates-as-email\" aria-required=\"true\" aria-invalid=\"false\" value=\"\" type=\"email\" name=\"your-email\" \/><\/span>\n\t\t\t<\/p>\n\t\t<\/td>\n\t<\/tr>\n<\/table>\n<p><input class=\"wpcf7-form-control wpcf7-submit has-spinner\" type=\"submit\" value=\"Senden\" \/>\n<\/p><div class=\"wpcf7-response-output\" aria-hidden=\"true\"><\/div>\n<\/form>\n<\/div>\n<\/div>\n<\/div>\n<\/div><\/section><\/div><\/p>\n","protected":false},"excerpt":{"rendered":"","protected":false},"author":27,"featured_media":0,"parent":0,"menu_order":0,"comment_status":"closed","ping_status":"closed","template":"","meta":{"footnotes":""},"class_list":["post-4102","page","type-page","status-publish","hentry"],"aioseo_notices":[],"_links":{"self":[{"href":"https:\/\/scheco-ent.ch\/fr\/wp-json\/wp\/v2\/pages\/4102","targetHints":{"allow":["GET"]}}],"collection":[{"href":"https:\/\/scheco-ent.ch\/fr\/wp-json\/wp\/v2\/pages"}],"about":[{"href":"https:\/\/scheco-ent.ch\/fr\/wp-json\/wp\/v2\/types\/page"}],"author":[{"embeddable":true,"href":"https:\/\/scheco-ent.ch\/fr\/wp-json\/wp\/v2\/users\/27"}],"replies":[{"embeddable":true,"href":"https:\/\/scheco-ent.ch\/fr\/wp-json\/wp\/v2\/comments?post=4102"}],"version-history":[{"count":11,"href":"https:\/\/scheco-ent.ch\/fr\/wp-json\/wp\/v2\/pages\/4102\/revisions"}],"predecessor-version":[{"id":4179,"href":"https:\/\/scheco-ent.ch\/fr\/wp-json\/wp\/v2\/pages\/4102\/revisions\/4179"}],"wp:attachment":[{"href":"https:\/\/scheco-ent.ch\/fr\/wp-json\/wp\/v2\/media?parent=4102"}],"curies":[{"name":"wp","href":"https:\/\/api.w.org\/{rel}","templated":true}]}}