{"id":4177,"date":"2020-11-25T08:00:02","date_gmt":"2020-11-25T07:00:02","guid":{"rendered":"https:\/\/scheco-ent.ch\/produkt\/caillebotis-a-barres-marche-pieds-nus-pas-de-conduite-taille-238x238x20mm\/"},"modified":"2020-11-25T08:00:02","modified_gmt":"2020-11-25T07:00:02","slug":"caillebotis-a-barres-marche-pieds-nus-pas-de-conduite-taille-238x238x20mm","status":"publish","type":"product","link":"https:\/\/scheco-ent.ch\/fr\/produkt\/caillebotis-a-barres-marche-pieds-nus-pas-de-conduite-taille-238x238x20mm\/","title":{"rendered":"Caillebotis \u00e0 barres (marche pieds nus, pas de conduite), taille 238x238x20mm"},"content":{"rendered":"<p><span>Caillebotis \u00e0 barres (marche pieds nus, pas de conduite), taille 238x238x20mm, largeur de fente 5 mm, \u00e9paisseur de barre 5&#215;2,8 mm et barre de support 15\/2 mm, mat\u00e9riau 1.4404. Y compris deux plaques \u00e0 vis soud\u00e9es. <\/span><\/p>\n","protected":false},"excerpt":{"rendered":"<p>Caillebotis \u00e0 barres (marche pieds nus, pas de conduite), taille 238x238x20mm, largeur de fente 5 mm, \u00e9paisseur de barre 5&#215;2,8 mm et barre de support 15\/2 mm, mat\u00e9riau 1.4404. Y compris deux plaques \u00e0 vis soud\u00e9es.<\/p>\n","protected":false},"featured_media":3965,"comment_status":"closed","ping_status":"closed","template":"","meta":[],"product_cat":[134,136],"product_tag":[],"class_list":{"0":"post-4177","1":"product","2":"type-product","3":"status-publish","4":"has-post-thumbnail","6":"product_cat-pieces-detachees-pieces-de-rechange","7":"product_cat-grilles","9":"first","10":"instock","11":"taxable","12":"shipping-taxable","13":"purchasable","14":"product-type-simple"},"composite_virtual":false,"composite_layout":"","composite_add_to_cart_form_location":"","composite_editable_in_cart":false,"composite_sold_individually_context":"","composite_shop_price_calc":"","composite_components":[],"composite_scenarios":[],"aioseo_notices":[],"_links":{"self":[{"href":"https:\/\/scheco-ent.ch\/fr\/wp-json\/wp\/v2\/product\/4177","targetHints":{"allow":["GET"]}}],"collection":[{"href":"https:\/\/scheco-ent.ch\/fr\/wp-json\/wp\/v2\/product"}],"about":[{"href":"https:\/\/scheco-ent.ch\/fr\/wp-json\/wp\/v2\/types\/product"}],"replies":[{"embeddable":true,"href":"https:\/\/scheco-ent.ch\/fr\/wp-json\/wp\/v2\/comments?post=4177"}],"wp:featuredmedia":[{"embeddable":true,"href":"https:\/\/scheco-ent.ch\/fr\/wp-json\/wp\/v2\/media\/3965"}],"wp:attachment":[{"href":"https:\/\/scheco-ent.ch\/fr\/wp-json\/wp\/v2\/media?parent=4177"}],"wp:term":[{"taxonomy":"product_cat","embeddable":true,"href":"https:\/\/scheco-ent.ch\/fr\/wp-json\/wp\/v2\/product_cat?post=4177"},{"taxonomy":"product_tag","embeddable":true,"href":"https:\/\/scheco-ent.ch\/fr\/wp-json\/wp\/v2\/product_tag?post=4177"}],"curies":[{"name":"wp","href":"https:\/\/api.w.org\/{rel}","templated":true}]}}