{"id":4190,"date":"2017-02-15T11:34:24","date_gmt":"2017-02-15T10:34:24","guid":{"rendered":"https:\/\/scheco-ent.ch\/produkt\/cadres-dangle-sur-mesure\/"},"modified":"2022-09-08T10:38:08","modified_gmt":"2022-09-08T08:38:08","slug":"cadre-dangle","status":"publish","type":"product","link":"https:\/\/scheco-ent.ch\/fr\/produkt\/cadre-dangle\/","title":{"rendered":"Cadres d&rsquo;angle sur mesure"},"content":{"rendered":"<p>Nous fabriquons sur mesure pour vous !<\/p>\n<p>Vous n&rsquo;avez rien trouv\u00e9 qui convienne \u00e0 votre projet dans notre catalogue ou notre boutique en ligne ? Pas de probl\u00e8me, nous fabriquons pour vous dans notre usine sur mesure. Notre vaste stock de mati\u00e8res premi\u00e8res et de produits semi-finis nous permet de r\u00e9pondre individuellement aux demandes des clients. S&rsquo;il n&rsquo;est pas possible d&rsquo;adapter nos articles standards ou nos produits semi-finis, nous nous ferons un plaisir d&rsquo;en produire de nouveaux.    Notre personnel sp\u00e9cialis\u00e9 a re\u00e7u une excellente formation et une formation continue. Notre usine d&rsquo;Aadorf est \u00e9galement toujours \u00e0 la pointe de la technologie, la production CNC permet une production personnalis\u00e9e d\u00e8s la premi\u00e8re taille de lot !<\/p>\n<\/p>\n<p>T\u00e9l\u00e9chargez le sch\u00e9ma des cotes pour ce type&nbsp;:<\/p>\n<p>\n            <a title=\"Fiche technique\" href=\"https:\/\/www.scheco-ent.ch\/wp\/pdf\/Winkelrahmen.pdf\" target=\"_blank\">Fiche technique<\/a>\n          <\/p>\n<\/p>\n<p>N&rsquo;h\u00e9sitez pas \u00e0 nous demander une offre sans engagement.<\/p>\n","protected":false},"excerpt":{"rendered":"<p>Nous ne pr\u00e9sentons ici qu&rsquo;un petit aper\u00e7u, ger\u2026<\/p>\n","protected":false},"featured_media":3750,"comment_status":"closed","ping_status":"closed","template":"","meta":[],"product_cat":[142],"product_tag":[],"class_list":{"0":"post-4190","1":"product","2":"type-product","3":"status-publish","4":"has-post-thumbnail","6":"product_cat-cadre-dangle","8":"first","9":"instock","10":"taxable","11":"shipping-taxable","12":"product-type-external"},"composite_virtual":false,"composite_layout":"","composite_add_to_cart_form_location":"","composite_editable_in_cart":false,"composite_sold_individually_context":"","composite_shop_price_calc":"","composite_components":[],"composite_scenarios":[],"aioseo_notices":[],"_links":{"self":[{"href":"https:\/\/scheco-ent.ch\/fr\/wp-json\/wp\/v2\/product\/4190","targetHints":{"allow":["GET"]}}],"collection":[{"href":"https:\/\/scheco-ent.ch\/fr\/wp-json\/wp\/v2\/product"}],"about":[{"href":"https:\/\/scheco-ent.ch\/fr\/wp-json\/wp\/v2\/types\/product"}],"replies":[{"embeddable":true,"href":"https:\/\/scheco-ent.ch\/fr\/wp-json\/wp\/v2\/comments?post=4190"}],"wp:featuredmedia":[{"embeddable":true,"href":"https:\/\/scheco-ent.ch\/fr\/wp-json\/wp\/v2\/media\/3750"}],"wp:attachment":[{"href":"https:\/\/scheco-ent.ch\/fr\/wp-json\/wp\/v2\/media?parent=4190"}],"wp:term":[{"taxonomy":"product_cat","embeddable":true,"href":"https:\/\/scheco-ent.ch\/fr\/wp-json\/wp\/v2\/product_cat?post=4190"},{"taxonomy":"product_tag","embeddable":true,"href":"https:\/\/scheco-ent.ch\/fr\/wp-json\/wp\/v2\/product_tag?post=4190"}],"curies":[{"name":"wp","href":"https:\/\/api.w.org\/{rel}","templated":true}]}}