{"id":4203,"date":"2017-03-03T09:49:17","date_gmt":"2017-03-03T08:49:17","guid":{"rendered":"https:\/\/scheco-ent.ch\/produkt\/grille-ronde-oe-185-mm-en-acier-inoxydable-acier-1-4301-v2a\/"},"modified":"2017-03-03T09:49:17","modified_gmt":"2017-03-03T08:49:17","slug":"caillebotis-rond-o-185-mm-en-inox-1-4301-v2a","status":"publish","type":"product","link":"https:\/\/scheco-ent.ch\/fr\/produkt\/caillebotis-rond-o-185-mm-en-inox-1-4301-v2a\/","title":{"rendered":"Grille ronde \u00d8 185 mm en acier inoxydable. Acier 1.4301 (V2A)"},"content":{"rendered":"<p>Grille ronde \u00d8 185 mm en acier inoxydable. Acier 1.4301 (V2A) d\u00e9cap\u00e9 et passiv\u00e9. Barre porteuse 20\/3 mm, maille 23 x 23 mm. Accessible avec des barres arrondies, ne convient pas aux zones pieds nus.<\/p>\n<p>T\u00e9l\u00e9chargez le sch\u00e9ma des cotes pour ce type&nbsp;:<\/p>\n<p><a href=\"https:\/\/scheco-ent.ch\/wp\/pdf\/Bl%C3%B6att%2086.pdf\" target=\"_new\">Fiche technique<\/a><\/p>\n","protected":false},"excerpt":{"rendered":"<p>Grille ronde \u00d8 185 mm en acier inoxydable. Acier 1.4301 (V2A) d\u00e9cap\u00e9 et passiv\u00e9. Barre porteuse 20\/3 mm, maille 23 x 23 mm.<\/p>\n<p><a href=\"https:\/\/scheco-ent.ch\/wp\/pdf\/Bl%C3%B6att%2086.pdf\" target=\"_new\">Fiche technique<\/a><\/p>\n","protected":false},"featured_media":3843,"comment_status":"closed","ping_status":"closed","template":"","meta":[],"product_cat":[134,136],"product_tag":[],"class_list":{"0":"post-4203","1":"product","2":"type-product","3":"status-publish","4":"has-post-thumbnail","6":"product_cat-pieces-detachees-pieces-de-rechange","7":"product_cat-grilles","9":"first","10":"instock","11":"taxable","12":"shipping-taxable","13":"purchasable","14":"product-type-simple"},"composite_virtual":false,"composite_layout":"","composite_add_to_cart_form_location":"","composite_editable_in_cart":false,"composite_sold_individually_context":"","composite_shop_price_calc":"","composite_components":[],"composite_scenarios":[],"aioseo_notices":[],"_links":{"self":[{"href":"https:\/\/scheco-ent.ch\/fr\/wp-json\/wp\/v2\/product\/4203","targetHints":{"allow":["GET"]}}],"collection":[{"href":"https:\/\/scheco-ent.ch\/fr\/wp-json\/wp\/v2\/product"}],"about":[{"href":"https:\/\/scheco-ent.ch\/fr\/wp-json\/wp\/v2\/types\/product"}],"replies":[{"embeddable":true,"href":"https:\/\/scheco-ent.ch\/fr\/wp-json\/wp\/v2\/comments?post=4203"}],"wp:featuredmedia":[{"embeddable":true,"href":"https:\/\/scheco-ent.ch\/fr\/wp-json\/wp\/v2\/media\/3843"}],"wp:attachment":[{"href":"https:\/\/scheco-ent.ch\/fr\/wp-json\/wp\/v2\/media?parent=4203"}],"wp:term":[{"taxonomy":"product_cat","embeddable":true,"href":"https:\/\/scheco-ent.ch\/fr\/wp-json\/wp\/v2\/product_cat?post=4203"},{"taxonomy":"product_tag","embeddable":true,"href":"https:\/\/scheco-ent.ch\/fr\/wp-json\/wp\/v2\/product_tag?post=4203"}],"curies":[{"name":"wp","href":"https:\/\/api.w.org\/{rel}","templated":true}]}}