{"id":4266,"date":"2017-03-03T09:52:51","date_gmt":"2017-03-03T08:52:51","guid":{"rendered":"https:\/\/scheco-ent.ch\/produkt\/siphon-a-cloche-scheco-type-425-80\/"},"modified":"2022-09-05T14:46:47","modified_gmt":"2022-09-05T12:46:47","slug":"glockensifon-scheco-typ-42580-2","status":"publish","type":"product","link":"https:\/\/scheco-ent.ch\/fr\/produkt\/glockensifon-scheco-typ-42580-2\/","title":{"rendered":"Siphon \u00e0 cloche Scheco type 425\/80"},"content":{"rendered":"<ul>\n<li>En acier inoxydable 1.4404 (V4A) d\u00e9cap\u00e9 et passiv\u00e9.<\/li>\n<li>Avec siphon, homologation VSA selon la norme suisse 592\u00a0000<\/li>\n<li>Avec plaque de collage type 426 (plaque de collage choisir dans le configurateur)<\/li>\n<li>Disponible en stock<\/li>\n<li>Hauteur r\u00e9glable<\/li>\n<li>Rotatif<\/li>\n<li>Disponible avec grille \u00e0 mailles ronde \u00d8 184 mm<\/li>\n<\/ul>\n<p>Fichier DXF : <a title=\"Feuille 81.DXF\" href=\"https:\/\/scheco-ent.ch\/cad\/Blatt%2081a%20DXF.DXF\" target=\"_blank\" rel=\"noopener\">Feuille 81.DXF<\/a><\/p>\n<p>T\u00e9l\u00e9charger le croquis cot\u00e9 pour ce type:<\/p>\n<p><a href=\"https:\/\/scheco-ent.ch\/wp\/pdf\/Blatt%2081.pdf\" target=\"_new\">Fiche technique<\/a><\/p>\n","protected":false},"excerpt":{"rendered":"<p>Siphon \u00e0 cloche Scheco type\u00a0425\/80<\/p>\n","protected":false},"featured_media":3844,"comment_status":"closed","ping_status":"closed","template":"","meta":[],"product_cat":[143],"product_tag":[],"class_list":{"0":"post-4266","1":"product","2":"type-product","3":"status-publish","4":"has-post-thumbnail","6":"product_cat-siphon-cloche-vertical","8":"first","9":"instock","10":"taxable","11":"shipping-taxable","12":"purchasable","13":"product-type-composite"},"composite_virtual":false,"composite_layout":"paged","composite_add_to_cart_form_location":"default","composite_editable_in_cart":false,"composite_sold_individually_context":"product","composite_shop_price_calc":"min_max","composite_components":[{"id":"3535786982","title":"siphon cloche","description":"","query_type":"product_ids","query_ids":[4265],"default_option_id":4265,"thumbnail_id":"","thumbnail_src":"","quantity_min":1,"quantity_max":1,"priced_individually":true,"shipped_individually":false,"optional":false,"discount":"","options_style":"dropdowns","pagination_style":"classic","display_prices":"absolute","show_sorting_options":false,"show_filtering_options":false,"attribute_filter_ids":[],"select_action":"view","product_title_visible":true,"product_descr_visible":true,"product_price_visible":true,"product_thumb_visible":true,"subtotal_visible_product":true,"subtotal_visible_cart":true,"subtotal_visible_orders":true},{"id":"2884274043","title":"grille \/ couvercle","description":"","query_type":"product_ids","query_ids":[4203],"default_option_id":4203,"thumbnail_id":"","thumbnail_src":"","quantity_min":1,"quantity_max":1,"priced_individually":true,"shipped_individually":false,"optional":false,"discount":"","options_style":"dropdowns","pagination_style":"classic","display_prices":"absolute","show_sorting_options":false,"show_filtering_options":false,"attribute_filter_ids":[],"select_action":"view","product_title_visible":true,"product_descr_visible":true,"product_price_visible":true,"product_thumb_visible":true,"subtotal_visible_product":true,"subtotal_visible_cart":true,"subtotal_visible_orders":true},{"id":"8062533454","title":"Kit de montage (en option)","description":"","query_type":"product_ids","query_ids":[4410,4409,4408,4218],"default_option_id":"","thumbnail_id":"","thumbnail_src":"","quantity_min":1,"quantity_max":4,"priced_individually":true,"shipped_individually":false,"optional":true,"discount":"","options_style":"thumbnails","pagination_style":"classic","display_prices":"absolute","show_sorting_options":false,"show_filtering_options":false,"attribute_filter_ids":[],"select_action":"view","product_title_visible":true,"product_descr_visible":true,"product_price_visible":true,"product_thumb_visible":true,"subtotal_visible_product":true,"subtotal_visible_cart":true,"subtotal_visible_orders":true},{"id":"4177850241","title":"Kit de montage (en option)","description":"","query_type":"product_ids","query_ids":[4401],"default_option_id":"","thumbnail_id":"","thumbnail_src":"","quantity_min":4,"quantity_max":4,"priced_individually":true,"shipped_individually":false,"optional":true,"discount":"","options_style":"thumbnails","pagination_style":"classic","display_prices":"absolute","show_sorting_options":false,"show_filtering_options":false,"attribute_filter_ids":[],"select_action":"view","product_title_visible":true,"product_descr_visible":true,"product_price_visible":true,"product_thumb_visible":true,"subtotal_visible_product":true,"subtotal_visible_cart":true,"subtotal_visible_orders":true},{"id":"7844975727","title":"Kit de montage (en option)","description":"","query_type":"product_ids","query_ids":[4397],"default_option_id":"","thumbnail_id":"","thumbnail_src":"","quantity_min":4,"quantity_max":4,"priced_individually":true,"shipped_individually":false,"optional":true,"discount":"","options_style":"thumbnails","pagination_style":"classic","display_prices":"absolute","show_sorting_options":false,"show_filtering_options":false,"attribute_filter_ids":[],"select_action":"view","product_title_visible":true,"product_descr_visible":true,"product_price_visible":true,"product_thumb_visible":true,"subtotal_visible_product":true,"subtotal_visible_cart":true,"subtotal_visible_orders":true},{"id":"4654850884","title":"Kit de montage (en option)","description":"","query_type":"product_ids","query_ids":[4401],"default_option_id":"","thumbnail_id":"","thumbnail_src":"","quantity_min":4,"quantity_max":4,"priced_individually":true,"shipped_individually":false,"optional":true,"discount":"","options_style":"thumbnails","pagination_style":"classic","display_prices":"absolute","show_sorting_options":false,"show_filtering_options":false,"attribute_filter_ids":[],"select_action":"view","product_title_visible":true,"product_descr_visible":true,"product_price_visible":true,"product_thumb_visible":true,"subtotal_visible_product":true,"subtotal_visible_cart":true,"subtotal_visible_orders":true},{"id":"2427180281","title":"Kit de montage (en option)","description":"","query_type":"product_ids","query_ids":[4397],"default_option_id":"","thumbnail_id":"","thumbnail_src":"","quantity_min":4,"quantity_max":4,"priced_individually":true,"shipped_individually":false,"optional":true,"discount":"","options_style":"thumbnails","pagination_style":"classic","display_prices":"absolute","show_sorting_options":false,"show_filtering_options":false,"attribute_filter_ids":[],"select_action":"view","product_title_visible":true,"product_descr_visible":true,"product_price_visible":true,"product_thumb_visible":true,"subtotal_visible_product":true,"subtotal_visible_cart":true,"subtotal_visible_orders":true},{"id":"9368942804","title":"bague d&#039;\u00e9tanch\u00e9it\u00e9","description":"","query_type":"product_ids","query_ids":[4401],"default_option_id":"","thumbnail_id":"","thumbnail_src":"","quantity_min":4,"quantity_max":4,"priced_individually":true,"shipped_individually":false,"optional":true,"discount":"","options_style":"thumbnails","pagination_style":"classic","display_prices":"absolute","show_sorting_options":false,"show_filtering_options":false,"attribute_filter_ids":[],"select_action":"view","product_title_visible":true,"product_descr_visible":true,"product_price_visible":true,"product_thumb_visible":true,"subtotal_visible_product":true,"subtotal_visible_cart":true,"subtotal_visible_orders":true},{"id":"8975490775","title":"Kit de montage (en option)","description":"","query_type":"product_ids","query_ids":[4397],"default_option_id":"","thumbnail_id":"","thumbnail_src":"","quantity_min":4,"quantity_max":4,"priced_individually":true,"shipped_individually":false,"optional":true,"discount":"","options_style":"thumbnails","pagination_style":"classic","display_prices":"absolute","show_sorting_options":false,"show_filtering_options":false,"attribute_filter_ids":[],"select_action":"view","product_title_visible":true,"product_descr_visible":true,"product_price_visible":true,"product_thumb_visible":true,"subtotal_visible_product":true,"subtotal_visible_cart":true,"subtotal_visible_orders":true}],"composite_scenarios":[{"id":"1640009353","name":"5026185","description":"","configuration":[{"component_id":"3535786982","options_modifier":"in","component_options":[4265]},{"component_id":"2884274043","options_modifier":"in","component_options":[4203]},{"component_id":"8062533454","options_modifier":"in","component_options":[4218]}],"actions":[{"action_id":"compat_group","is_active":false},{"action_id":"conditional_components","is_active":true,"hidden_components":["4177850241","4654850884","9368942804","7844975727","2427180281","8975490775"]},{"action_id":"conditional_options","is_active":false,"hidden_options":[]}],"enabled":true},{"id":"1640009354","name":"5026185 - 5026110","description":"","configuration":[{"component_id":"3535786982","options_modifier":"in","component_options":[4265]},{"component_id":"2884274043","options_modifier":"in","component_options":[4203]},{"component_id":"8062533454","options_modifier":"in","component_options":[4410]}],"actions":[{"action_id":"compat_group","is_active":false},{"action_id":"conditional_components","is_active":true,"hidden_components":["4654850884","9368942804","2427180281","8975490775"]},{"action_id":"conditional_options","is_active":false,"hidden_options":[]}],"enabled":true},{"id":"1640009355","name":"5026185 - 5026110 - 5026110optional","description":"","configuration":[{"component_id":"8062533454","options_modifier":"in","component_options":[-1]}],"actions":[{"action_id":"compat_group","is_active":false},{"action_id":"conditional_components","is_active":true,"hidden_components":["4654850884","9368942804","2427180281","8975490775"]},{"action_id":"conditional_options","is_active":false,"hidden_options":[]}],"enabled":true},{"id":"1640009356","name":"5026185 - 5026110 - 5026110optional - 5026114","description":"","configuration":[{"component_id":"3535786982","options_modifier":"in","component_options":[4265]},{"component_id":"2884274043","options_modifier":"in","component_options":[4203]},{"component_id":"8062533454","options_modifier":"any"},{"component_id":"4177850241","options_modifier":"any"},{"component_id":"7844975727","options_modifier":"in","component_options":[4397]}],"actions":[{"action_id":"compat_group","is_active":false},{"action_id":"conditional_components","is_active":true,"hidden_components":[]},{"action_id":"conditional_options","is_active":false,"hidden_options":[]}],"enabled":true},{"id":"1640009357","name":"5026111","description":"","configuration":[{"component_id":"3535786982","options_modifier":"in","component_options":[4265]},{"component_id":"2884274043","options_modifier":"in","component_options":[4203]},{"component_id":"8062533454","options_modifier":"in","component_options":[4409]}],"actions":[{"action_id":"compat_group","is_active":false},{"action_id":"conditional_components","is_active":true,"hidden_components":["4177850241","9368942804","7844975727","8975490775"]},{"action_id":"conditional_options","is_active":false,"hidden_options":[]}],"enabled":true},{"id":"1640009358","name":"5026111 - 5026111optional","description":"","configuration":[{"component_id":"8062533454","options_modifier":"in","component_options":[-1]}],"actions":[{"action_id":"compat_group","is_active":false},{"action_id":"conditional_components","is_active":true,"hidden_components":["4177850241","9368942804","7844975727","8975490775"]},{"action_id":"conditional_options","is_active":false,"hidden_options":[]}],"enabled":true},{"id":"1640009359","name":"5026111 - 5026111optional - 5026114","description":"","configuration":[{"component_id":"3535786982","options_modifier":"in","component_options":[4265]},{"component_id":"2884274043","options_modifier":"in","component_options":[4203]},{"component_id":"8062533454","options_modifier":"any"},{"component_id":"4654850884","options_modifier":"any"},{"component_id":"2427180281","options_modifier":"in","component_options":[4397]}],"actions":[{"action_id":"compat_group","is_active":false},{"action_id":"conditional_components","is_active":true,"hidden_components":[]},{"action_id":"conditional_options","is_active":false,"hidden_options":[]}],"enabled":true},{"id":"1640009360","name":"5026112","description":"","configuration":[{"component_id":"3535786982","options_modifier":"in","component_options":[4265]},{"component_id":"2884274043","options_modifier":"in","component_options":[4203]},{"component_id":"8062533454","options_modifier":"in","component_options":[4408]}],"actions":[{"action_id":"compat_group","is_active":false},{"action_id":"conditional_components","is_active":true,"hidden_components":["4177850241","4654850884","7844975727","2427180281"]},{"action_id":"conditional_options","is_active":false,"hidden_options":[]}],"enabled":true},{"id":"1640009361","name":"5026112 - 5026112optional","description":"","configuration":[{"component_id":"8062533454","options_modifier":"in","component_options":[-1]}],"actions":[{"action_id":"compat_group","is_active":false},{"action_id":"conditional_components","is_active":true,"hidden_components":["4177850241","4654850884","7844975727","2427180281"]},{"action_id":"conditional_options","is_active":false,"hidden_options":[]}],"enabled":true},{"id":"1640009362","name":"5026112 - 5026112optional - 5026114","description":"","configuration":[{"component_id":"3535786982","options_modifier":"in","component_options":[4265]},{"component_id":"2884274043","options_modifier":"in","component_options":[4203]},{"component_id":"8062533454","options_modifier":"any"},{"component_id":"9368942804","options_modifier":"any"},{"component_id":"8975490775","options_modifier":"in","component_options":[4397]}],"actions":[{"action_id":"compat_group","is_active":false},{"action_id":"conditional_components","is_active":true,"hidden_components":[]},{"action_id":"conditional_options","is_active":false,"hidden_options":[]}],"enabled":true}],"aioseo_notices":[],"_links":{"self":[{"href":"https:\/\/scheco-ent.ch\/fr\/wp-json\/wp\/v2\/product\/4266","targetHints":{"allow":["GET"]}}],"collection":[{"href":"https:\/\/scheco-ent.ch\/fr\/wp-json\/wp\/v2\/product"}],"about":[{"href":"https:\/\/scheco-ent.ch\/fr\/wp-json\/wp\/v2\/types\/product"}],"replies":[{"embeddable":true,"href":"https:\/\/scheco-ent.ch\/fr\/wp-json\/wp\/v2\/comments?post=4266"}],"wp:featuredmedia":[{"embeddable":true,"href":"https:\/\/scheco-ent.ch\/fr\/wp-json\/wp\/v2\/media\/3844"}],"wp:attachment":[{"href":"https:\/\/scheco-ent.ch\/fr\/wp-json\/wp\/v2\/media?parent=4266"}],"wp:term":[{"taxonomy":"product_cat","embeddable":true,"href":"https:\/\/scheco-ent.ch\/fr\/wp-json\/wp\/v2\/product_cat?post=4266"},{"taxonomy":"product_tag","embeddable":true,"href":"https:\/\/scheco-ent.ch\/fr\/wp-json\/wp\/v2\/product_tag?post=4266"}],"curies":[{"name":"wp","href":"https:\/\/api.w.org\/{rel}","templated":true}]}}