{"id":4268,"date":"2017-02-28T10:13:15","date_gmt":"2017-02-28T09:13:15","guid":{"rendered":"https:\/\/scheco-ent.ch\/produkt\/avaloir-de-balcon-scheco-type-200-60-ou-200-70-spez\/"},"modified":"2022-09-05T15:14:52","modified_gmt":"2022-09-05T13:14:52","slug":"bouche-de-balcon","status":"publish","type":"product","link":"https:\/\/scheco-ent.ch\/fr\/produkt\/bouche-de-balcon\/","title":{"rendered":"Avaloir de balcon Scheco type 200\/60 ou 200\/70 sp\u00e9c."},"content":{"rendered":"<p><strong>Pas un article en stock, fabriqu\u00e9 sur commande.<\/strong><\/p>\n<p>Pour le nettoyage et l&rsquo;entretien du syst\u00e8me d&rsquo;\u00e9vacuation des eaux de balcon, la bride sup\u00e9rieure de la bouche d&rsquo;\u00e9gout peut \u00eatre d\u00e9tach\u00e9e, ce qui rend la conduite de descente enti\u00e8rement accessible. Pour les sols avec isolation \u00e0 l&rsquo;eau, cette entr\u00e9e de balcon est \u00e9galement disponible avec une bride de collage.<\/p>\n<ul>\n<li>En acier inox. 1.4404 (V4A) d\u00e9cap\u00e9 et passiv\u00e9<\/li>\n<li>sans siphon anti-odeur<\/li>\n<li>Grille \u00e0 fentes \/ Grille \u00e0 trous<\/li>\n<li>Tube de descente \u00d8 76,1 mm ou \u00d8 63,5 mm<\/li>\n<li>Conduite de chute \u00e0 la charge du client<\/li>\n<\/ul>\n<p>T\u00e9l\u00e9charger le croquis de ce type<\/p>\n<p><a href=\"https:\/\/scheco-ent.ch\/wp\/pdf\/Blatt%2054.pdf\" target=\"_blank\" rel=\"noopener\">Billet de donn\u00e9es<\/a><\/p>\n<p>N&rsquo;h\u00e9sitez pas \u00e0 nous demander une offre sans engagement.<\/p>\n","protected":false},"excerpt":{"rendered":"<p><span style=\"background-color: normal; font-weight: normal; font-style: normal; text-decoration: none; font-variant: normal; letter-spacing: normal; text-transform: none;\">Naissance de balcon en acier inoxydable 1.4404 (V4A) d\u00e9cap\u00e9 et passiv\u00e9.<\/span><\/p>\n","protected":false},"featured_media":3787,"comment_status":"closed","ping_status":"closed","template":"","meta":[],"product_cat":[150],"product_tag":[],"class_list":{"0":"post-4268","1":"product","2":"type-product","3":"status-publish","4":"has-post-thumbnail","6":"product_cat-fabrications-sur-mesure","8":"first","9":"instock","10":"taxable","11":"shipping-taxable","12":"product-type-external"},"composite_virtual":false,"composite_layout":"","composite_add_to_cart_form_location":"","composite_editable_in_cart":false,"composite_sold_individually_context":"","composite_shop_price_calc":"","composite_components":[],"composite_scenarios":[],"aioseo_notices":[],"_links":{"self":[{"href":"https:\/\/scheco-ent.ch\/fr\/wp-json\/wp\/v2\/product\/4268","targetHints":{"allow":["GET"]}}],"collection":[{"href":"https:\/\/scheco-ent.ch\/fr\/wp-json\/wp\/v2\/product"}],"about":[{"href":"https:\/\/scheco-ent.ch\/fr\/wp-json\/wp\/v2\/types\/product"}],"replies":[{"embeddable":true,"href":"https:\/\/scheco-ent.ch\/fr\/wp-json\/wp\/v2\/comments?post=4268"}],"wp:featuredmedia":[{"embeddable":true,"href":"https:\/\/scheco-ent.ch\/fr\/wp-json\/wp\/v2\/media\/3787"}],"wp:attachment":[{"href":"https:\/\/scheco-ent.ch\/fr\/wp-json\/wp\/v2\/media?parent=4268"}],"wp:term":[{"taxonomy":"product_cat","embeddable":true,"href":"https:\/\/scheco-ent.ch\/fr\/wp-json\/wp\/v2\/product_cat?post=4268"},{"taxonomy":"product_tag","embeddable":true,"href":"https:\/\/scheco-ent.ch\/fr\/wp-json\/wp\/v2\/product_tag?post=4268"}],"curies":[{"name":"wp","href":"https:\/\/api.w.org\/{rel}","templated":true}]}}