{"id":4269,"date":"2017-02-28T07:57:24","date_gmt":"2017-02-28T06:57:24","guid":{"rendered":"https:\/\/scheco-ent.ch\/produkt\/caisse-murale\/"},"modified":"2017-02-28T07:57:24","modified_gmt":"2017-02-28T06:57:24","slug":"caisse-murale","status":"publish","type":"product","link":"https:\/\/scheco-ent.ch\/fr\/produkt\/caisse-murale\/","title":{"rendered":"Caisse murale"},"content":{"rendered":"<p>\n            <strong>Pas un article en stock, fabriqu\u00e9 sur commande.<\/strong>\n          <\/p>\n<p>Nous fabriquons pour vous des caissons muraux sur mesure \u00e0 partir d&rsquo;un lot de un.<\/p>\n<ul>\n<li>En acier inox. 1.4404 (V4A) d\u00e9cap\u00e9 et passiv\u00e9<\/li>\n<li>avec stylo<\/li>\n<li>Charni\u00e8re \u00e0 gauche ou \u00e0 droite<\/li>\n<li>en une ou deux parties<\/li>\n<li>avec selle de tuyau<\/li>\n<\/ul>\n<p>N&rsquo;h\u00e9sitez pas \u00e0 nous demander une offre sans engagement.<\/p>\n","protected":false},"excerpt":{"rendered":"<p>\n            <span style=\"background-color: normal;font-weight: normal;font-style:normal;text-decoration:none;font-variant:normal;letter-spacing: normal;text-transform: none\">Caisson mural en acier inoxydable 1.4404 (V4A) d\u00e9cap\u00e9 et passiv\u00e9.<\/span>\n          <\/p>\n","protected":false},"featured_media":3785,"comment_status":"closed","ping_status":"closed","template":"","meta":[],"product_cat":[150],"product_tag":[],"class_list":{"0":"post-4269","1":"product","2":"type-product","3":"status-publish","4":"has-post-thumbnail","6":"product_cat-fabrications-sur-mesure","8":"first","9":"instock","10":"taxable","11":"shipping-taxable","12":"product-type-external"},"composite_virtual":false,"composite_layout":"","composite_add_to_cart_form_location":"","composite_editable_in_cart":false,"composite_sold_individually_context":"","composite_shop_price_calc":"","composite_components":[],"composite_scenarios":[],"aioseo_notices":[],"_links":{"self":[{"href":"https:\/\/scheco-ent.ch\/fr\/wp-json\/wp\/v2\/product\/4269","targetHints":{"allow":["GET"]}}],"collection":[{"href":"https:\/\/scheco-ent.ch\/fr\/wp-json\/wp\/v2\/product"}],"about":[{"href":"https:\/\/scheco-ent.ch\/fr\/wp-json\/wp\/v2\/types\/product"}],"replies":[{"embeddable":true,"href":"https:\/\/scheco-ent.ch\/fr\/wp-json\/wp\/v2\/comments?post=4269"}],"wp:featuredmedia":[{"embeddable":true,"href":"https:\/\/scheco-ent.ch\/fr\/wp-json\/wp\/v2\/media\/3785"}],"wp:attachment":[{"href":"https:\/\/scheco-ent.ch\/fr\/wp-json\/wp\/v2\/media?parent=4269"}],"wp:term":[{"taxonomy":"product_cat","embeddable":true,"href":"https:\/\/scheco-ent.ch\/fr\/wp-json\/wp\/v2\/product_cat?post=4269"},{"taxonomy":"product_tag","embeddable":true,"href":"https:\/\/scheco-ent.ch\/fr\/wp-json\/wp\/v2\/product_tag?post=4269"}],"curies":[{"name":"wp","href":"https:\/\/api.w.org\/{rel}","templated":true}]}}