{"id":4270,"date":"2017-02-27T16:09:14","date_gmt":"2017-02-27T15:09:14","guid":{"rendered":"https:\/\/scheco-ent.ch\/produkt\/tube-de-support-verrouillable\/"},"modified":"2022-09-06T14:24:43","modified_gmt":"2022-09-06T12:24:43","slug":"tuyau-vertical","status":"publish","type":"product","link":"https:\/\/scheco-ent.ch\/fr\/produkt\/tuyau-vertical\/","title":{"rendered":"Tube de support \/ Verrouillable"},"content":{"rendered":"<p><strong>Pas un article en stock, fabriqu\u00e9 sur commande.<\/strong><\/p>\n<ul>\n<li>En acier inox. 1.4404 (V4A) d\u00e9cap\u00e9 et passiv\u00e9<\/li>\n<li>Possible avec plaque de collage<\/li>\n<li>Partie inf\u00e9rieure hauteur r\u00e9glable<\/li>\n<li>Partie inf\u00e9rieure avec siphon possible<\/li>\n<li>Rotatif<\/li>\n<li>Verrouillable<\/li>\n<li>Fermeture sp\u00e9ciale pour des exigences d&rsquo;hygi\u00e8ne optimales<\/li>\n<li>Avec grille perfor\u00e9e<\/li>\n<li>Longueur de la colonne montante au choix<\/li>\n<\/ul>\n<p>T\u00e9l\u00e9charger le croquis de ce type<\/p>\n<p><a href=\"https:\/\/scheco-ent.ch\/wp\/pdf\/Blatt%2048.pdf\" target=\"_blank\" rel=\"noopener\">partie sup\u00e9rieure verrouillable (laboratoire \/ salle blanche)<\/a><\/p>\n<p><a href=\"https:\/\/scheco-ent.ch\/wp\/pdf\/Blatt%2049.pdf\" target=\"_blank\" rel=\"noopener\">Ecoulement de sol avec tube vertical et partie sup\u00e9rieure verrouillable <\/a><\/p>\n<p>N&rsquo;h\u00e9sitez pas \u00e0 nous demander une offre sans engagement.<\/p>\n","protected":false},"excerpt":{"rendered":"<p>Tube de support <span style=\"background-color: normal; font-weight: normal; font-style: normal; text-decoration: none; font-variant: normal; letter-spacing: normal; text-transform: none;\">en acier inoxydable 1.4404 (V4A) d\u00e9cap\u00e9 et passiv\u00e9.<\/span><\/p>\n","protected":false},"featured_media":3772,"comment_status":"closed","ping_status":"closed","template":"","meta":[],"product_cat":[150],"product_tag":[],"class_list":{"0":"post-4270","1":"product","2":"type-product","3":"status-publish","4":"has-post-thumbnail","6":"product_cat-fabrications-sur-mesure","8":"first","9":"instock","10":"taxable","11":"shipping-taxable","12":"product-type-external"},"composite_virtual":false,"composite_layout":"","composite_add_to_cart_form_location":"","composite_editable_in_cart":false,"composite_sold_individually_context":"","composite_shop_price_calc":"","composite_components":[],"composite_scenarios":[],"aioseo_notices":[],"_links":{"self":[{"href":"https:\/\/scheco-ent.ch\/fr\/wp-json\/wp\/v2\/product\/4270","targetHints":{"allow":["GET"]}}],"collection":[{"href":"https:\/\/scheco-ent.ch\/fr\/wp-json\/wp\/v2\/product"}],"about":[{"href":"https:\/\/scheco-ent.ch\/fr\/wp-json\/wp\/v2\/types\/product"}],"replies":[{"embeddable":true,"href":"https:\/\/scheco-ent.ch\/fr\/wp-json\/wp\/v2\/comments?post=4270"}],"wp:featuredmedia":[{"embeddable":true,"href":"https:\/\/scheco-ent.ch\/fr\/wp-json\/wp\/v2\/media\/3772"}],"wp:attachment":[{"href":"https:\/\/scheco-ent.ch\/fr\/wp-json\/wp\/v2\/media?parent=4270"}],"wp:term":[{"taxonomy":"product_cat","embeddable":true,"href":"https:\/\/scheco-ent.ch\/fr\/wp-json\/wp\/v2\/product_cat?post=4270"},{"taxonomy":"product_tag","embeddable":true,"href":"https:\/\/scheco-ent.ch\/fr\/wp-json\/wp\/v2\/product_tag?post=4270"}],"curies":[{"name":"wp","href":"https:\/\/api.w.org\/{rel}","templated":true}]}}