{"id":4276,"date":"2017-02-15T08:20:26","date_gmt":"2017-02-15T07:20:26","guid":{"rendered":"https:\/\/scheco-ent.ch\/produkt\/sur-commande\/"},"modified":"2022-09-06T14:19:28","modified_gmt":"2022-09-06T12:19:28","slug":"fabrications-sur-mesure","status":"publish","type":"product","link":"https:\/\/scheco-ent.ch\/fr\/produkt\/fabrications-sur-mesure\/","title":{"rendered":"Sur commande"},"content":{"rendered":"<p>Nous fabriquons sur mesure pour vous !<\/p>\n<p>Vous n&rsquo;avez rien trouv\u00e9 qui convienne \u00e0 votre projet dans notre catalogue ou notre boutique en ligne ? Pas de probl\u00e8me, nous fabriquons pour vous dans notre usine sur mesure. Notre vaste stock de mati\u00e8res premi\u00e8res et de produits semi-finis nous permet de r\u00e9pondre individuellement aux demandes des clients. S&rsquo;il n&rsquo;est pas possible d&rsquo;adapter nos articles standards ou nos produits semi-finis, nous nous ferons un plaisir d&rsquo;en produire de nouveaux. Notre personnel sp\u00e9cialis\u00e9 a re\u00e7u une excellente formation et une formation continue. Notre usine d&rsquo;Aadorf est \u00e9galement toujours \u00e0 la pointe de la technologie, la production CNC permet une production personnalis\u00e9e d\u00e8s la premi\u00e8re taille de lot !<\/p>\n<p><a href=\"https:\/\/scheco-ent.ch\/wp\/produkt\/klemmflansch-fuer-folienboeden\/\" target=\"_self\">Bride de serrage pour fonds en film <\/a><\/p>\n<p><a href=\"https:\/\/scheco-ent.ch\/wp\/produkt\/standrohr\/\" target=\"_self\">Ecoulement de sol avec tube de fixation et partie sup\u00e9rieure fermable<\/a><\/p>\n<p><a href=\"https:\/\/scheco-ent.ch\/wp\/pdf\/Blatt%2046.pdf\" target=\"_blank\" rel=\"noopener\">Siphon de sol avec unit\u00e9 de rehaussement<\/a><\/p>\n<p><a href=\"https:\/\/scheco-ent.ch\/wp\/pdf\/Blatt%2047.pdf\" target=\"_blank\" rel=\"noopener\">Siphon de sol type 211\/100 avec unit\u00e9 de rehaussement <\/a><\/p>\n<p><a href=\"https:\/\/scheco-ent.ch\/wp\/pdf\/Blatt%2050.pdf\" target=\"_blank\" rel=\"noopener\">Avaloir de sol Scheco type 201\/80 horizontal <\/a><\/p>\n<p><a href=\"https:\/\/scheco-ent.ch\/wp\/pdf\/Blatt%2051.pdf\" target=\"_blank\" rel=\"noopener\">Avaloir de sol Scheco type 201\/80 horizontal <\/a><\/p>\n<p><a href=\"https:\/\/scheco-ent.ch\/wp\/pdf\/Blatt%2052.pdf\" target=\"_blank\" rel=\"noopener\">Avaloir de sol Scheco type 100\/60 horizontal <\/a><\/p>\n<p><a href=\"https:\/\/scheco-ent.ch\/wp\/pdf\/Blatt%2054.pdf\" target=\"_blank\" rel=\"noopener\">Avaloir de balcon Scheco type 200\/60 ou 200\/70 sp\u00e9c. <\/a><\/p>\n<p><a href=\"https:\/\/scheco-ent.ch\/wp\/pdf\/Blatt%2055.pdf\" target=\"_blank\" rel=\"noopener\">Sp\u00e9c. Rehausse pour Scheco type 211\/100 <\/a><\/p>\n<p>N&rsquo;h\u00e9sitez pas \u00e0 nous demander une offre sans engagement.<\/p>\n","protected":false},"excerpt":{"rendered":"<p>Nous ne pr\u00e9sentons ici qu&rsquo;un petit aper\u00e7u, ger\u2026<\/p>\n","protected":false},"featured_media":3768,"comment_status":"closed","ping_status":"closed","template":"","meta":[],"product_cat":[150],"product_tag":[],"class_list":{"0":"post-4276","1":"product","2":"type-product","3":"status-publish","4":"has-post-thumbnail","6":"product_cat-fabrications-sur-mesure","8":"first","9":"instock","10":"taxable","11":"shipping-taxable","12":"product-type-external"},"composite_virtual":false,"composite_layout":"","composite_add_to_cart_form_location":"","composite_editable_in_cart":false,"composite_sold_individually_context":"","composite_shop_price_calc":"","composite_components":[],"composite_scenarios":[],"aioseo_notices":[],"_links":{"self":[{"href":"https:\/\/scheco-ent.ch\/fr\/wp-json\/wp\/v2\/product\/4276","targetHints":{"allow":["GET"]}}],"collection":[{"href":"https:\/\/scheco-ent.ch\/fr\/wp-json\/wp\/v2\/product"}],"about":[{"href":"https:\/\/scheco-ent.ch\/fr\/wp-json\/wp\/v2\/types\/product"}],"replies":[{"embeddable":true,"href":"https:\/\/scheco-ent.ch\/fr\/wp-json\/wp\/v2\/comments?post=4276"}],"wp:featuredmedia":[{"embeddable":true,"href":"https:\/\/scheco-ent.ch\/fr\/wp-json\/wp\/v2\/media\/3768"}],"wp:attachment":[{"href":"https:\/\/scheco-ent.ch\/fr\/wp-json\/wp\/v2\/media?parent=4276"}],"wp:term":[{"taxonomy":"product_cat","embeddable":true,"href":"https:\/\/scheco-ent.ch\/fr\/wp-json\/wp\/v2\/product_cat?post=4276"},{"taxonomy":"product_tag","embeddable":true,"href":"https:\/\/scheco-ent.ch\/fr\/wp-json\/wp\/v2\/product_tag?post=4276"}],"curies":[{"name":"wp","href":"https:\/\/api.w.org\/{rel}","templated":true}]}}