{"id":4277,"date":"2017-02-15T06:43:25","date_gmt":"2017-02-15T05:43:25","guid":{"rendered":"https:\/\/scheco-ent.ch\/produkt\/fabrication-sur-mesure-de-caniveaux-de-drainage\/"},"modified":"2023-02-10T11:25:49","modified_gmt":"2023-02-10T10:25:49","slug":"caniveaux-devacuation-des-eaux-2","status":"publish","type":"product","link":"https:\/\/scheco-ent.ch\/fr\/produkt\/caniveaux-devacuation-des-eaux-2\/","title":{"rendered":"Fabrication sur mesure de caniveaux de drainage"},"content":{"rendered":"<p><strong>Pas un article en stock, fabriqu\u00e9 sur commande.<\/strong><\/p>\n<p>Lors de la fabrication des caniveaux de drainage, nous nous effor\u00e7ons toujours de prendre en compte au mieux les besoins de l&rsquo;utilisateur final. Il en r\u00e9sulte une multitude de possibilit\u00e9s concernant la couverture, la forme de la baignoire, la pente ou l&rsquo;\u00e9coulement. Des d\u00e9lais de livraison courts sont pour nous une \u00e9vidence, gr\u00e2ce \u00e0 notre propre fabrication flexible. Les syst\u00e8mes fabriqu\u00e9s sp\u00e9cialement, d&rsquo;une qualit\u00e9 et d&rsquo;une technique irr\u00e9prochables, permettent une installation facile.<\/p>\n<p>Notre technique de drainage offre des produits de pointe r\u00e9pondant aux exigences les plus \u00e9lev\u00e9es en mati\u00e8re d&rsquo;hygi\u00e8ne. Nos produits n\u00e9cessitent peu d&rsquo;entretien et sont garantis \u00e0 long terme. La manipulation fonctionnelle rend les travaux de nettoyage et d&rsquo;entretien pratiques et faciles \u00e0 r\u00e9aliser.<\/p>\n<p>Notre \u00e9quipe dynamique dispose d&rsquo;une longue exp\u00e9rience et se fera un plaisir de vous aider \u00e0 r\u00e9soudre vos probl\u00e8mes.<\/p>\n<p>Exemples d&rsquo;installation :<\/p>\n<ul>\n<li><a href=\"https:\/\/scheco-ent.ch\/wp\/pdf\/Blatt%2058.pdf\" target=\"_blank\" rel=\"noopener\">Exemple d&rsquo;installation sans siphon<\/a><\/li>\n<li><a href=\"https:\/\/scheco-ent.ch\/wp\/pdf\/Blatt%2057.pdf\" target=\"_blank\" rel=\"noopener\">Exemple d&rsquo;installation avec un siphon \u00e0 cloche vertical<\/a><\/li>\n<li><a href=\"https:\/\/scheco-ent.ch\/wp\/pdf\/Blatt%2056.pdf\" target=\"_blank\" rel=\"noopener\">Exemple d&rsquo;installation avec siphon horizontal<\/a><\/li>\n<\/ul>\n<p>Variantes de goutti\u00e8res :<\/p>\n<ul>\n<li><a href=\"https:\/\/scheco-ent.ch\/wp\/pdf\/Blatt%2066.pdf\" target=\"_blank\" rel=\"noopener\">Caniveau de drainage avec siphon \u00e0 cloche type 321 et bord coll\u00e9<\/a><\/li>\n<li><a href=\"https:\/\/scheco-ent.ch\/wp\/pdf\/Blatt%2067.pdf\" target=\"_blank\" rel=\"noopener\">Caniveau de drainage avec siphon horizontal<\/a><\/li>\n<li><a href=\"https:\/\/scheco-ent.ch\/wp\/pdf\/Blatt%2068.pdf\" target=\"_blank\" rel=\"noopener\">Caniveau de drainage avec grille \u00e0 fentes praticable pieds nus<\/a><\/li>\n<li><a href=\"https:\/\/scheco-ent.ch\/wp\/pdf\/Blatt%2070.pdf\" target=\"_blank\" rel=\"noopener\">Aper\u00e7u Caniveaux de douche<\/a><\/li>\n<\/ul>\n<p>Caniveaux U-profile (caniveaux \u00e0 fente double) :<\/p>\n<ul>\n<li><a href=\"https:\/\/scheco-ent.ch\/wp\/pdf\/Blatt%2069.pdf\" target=\"_blank\" rel=\"noopener\">Caniveau de recouvrement en U avec pente et bo\u00eete de sortie<\/a><\/li>\n<\/ul>\n<p>Caniveaux a fente:<\/p>\n<ul>\n<li><a href=\"http:\/\/scheco-ent.ch\/pdf\/Schlitzrinne.pdf\">Caniveau a fente<\/a><\/li>\n<\/ul>\n<p><strong>Toutes les variantes de caniveaux sont disponibles avec une plaque de collage pour un raccordement \u00e9tanche optimal au sol.<\/strong><\/p>\n<p>N&rsquo;h\u00e9sitez pas \u00e0 nous demander une offre sans engagement.<\/p>\n","protected":false},"excerpt":{"rendered":"<p>Nous ne pr\u00e9sentons ici qu&rsquo;un petit aper\u00e7u, ger\u2026<\/p>\n","protected":false},"featured_media":4835,"comment_status":"closed","ping_status":"closed","template":"","meta":[],"product_cat":[148],"product_tag":[],"class_list":{"0":"post-4277","1":"product","2":"type-product","3":"status-publish","4":"has-post-thumbnail","6":"product_cat-caniveaux-de-drainage","8":"first","9":"instock","10":"taxable","11":"shipping-taxable","12":"product-type-external"},"composite_virtual":false,"composite_layout":"","composite_add_to_cart_form_location":"","composite_editable_in_cart":false,"composite_sold_individually_context":"","composite_shop_price_calc":"","composite_components":[],"composite_scenarios":[],"aioseo_notices":[],"_links":{"self":[{"href":"https:\/\/scheco-ent.ch\/fr\/wp-json\/wp\/v2\/product\/4277","targetHints":{"allow":["GET"]}}],"collection":[{"href":"https:\/\/scheco-ent.ch\/fr\/wp-json\/wp\/v2\/product"}],"about":[{"href":"https:\/\/scheco-ent.ch\/fr\/wp-json\/wp\/v2\/types\/product"}],"replies":[{"embeddable":true,"href":"https:\/\/scheco-ent.ch\/fr\/wp-json\/wp\/v2\/comments?post=4277"}],"wp:featuredmedia":[{"embeddable":true,"href":"https:\/\/scheco-ent.ch\/fr\/wp-json\/wp\/v2\/media\/4835"}],"wp:attachment":[{"href":"https:\/\/scheco-ent.ch\/fr\/wp-json\/wp\/v2\/media?parent=4277"}],"wp:term":[{"taxonomy":"product_cat","embeddable":true,"href":"https:\/\/scheco-ent.ch\/fr\/wp-json\/wp\/v2\/product_cat?post=4277"},{"taxonomy":"product_tag","embeddable":true,"href":"https:\/\/scheco-ent.ch\/fr\/wp-json\/wp\/v2\/product_tag?post=4277"}],"curies":[{"name":"wp","href":"https:\/\/api.w.org\/{rel}","templated":true}]}}