{"id":4303,"date":"2016-11-10T14:40:32","date_gmt":"2016-11-10T13:40:32","guid":{"rendered":"https:\/\/scheco-ent.ch\/produkt\/entwaesserungswanne-1000x500v100\/"},"modified":"2022-09-09T08:58:03","modified_gmt":"2022-09-09T06:58:03","slug":"entwaesserungswanne-1000-x-500-x-6275-mm-4-2","status":"publish","type":"product","link":"https:\/\/scheco-ent.ch\/fr\/produkt\/entwaesserungswanne-1000-x-500-x-6275-mm-4-2\/","title":{"rendered":"Bac de drainage 1000x500v100"},"content":{"rendered":"<p>Bac de drainage en acier inoxydable. Acier 1.4404 (V4A) d\u00e9cap\u00e9 et passiv\u00e9, incl. pieds et sangle<br \/>\nLongueur : 970mm ext\u00e9rieur : 1000mm<br \/>\nLargeur : 470 mm Ext\u00e9rieur : 500 mm<br \/>\nProfondeur : 62\/75 mm avec pente<br \/>\nSortie : au centre \u00e0 l&rsquo;aide d&rsquo;un siphon \u00e0 cloche Scheco type 421\/100, sortie \u00d8 110 mm verticalement incl. tamis d&rsquo;\u00e9coulement \u00e0 ins\u00e9rer sans serrer.<\/p>\n<p>4 x pied de nivellement, acier brut M8 x 60 mm, avec deux \u00e9crous M8 zingu\u00e9s<\/p>\n<p>grilles \u00e0 maille en acier inoxydable 1.4301 (V2A) d\u00e9cap\u00e9es et passiv\u00e9es avec bords arrondis<br \/>\nBarre sipport : 30\/2 mm<br \/>\nMaille : 22 x 22 mm<br \/>\nTaille : 465 x 482 mm, 2 pi\u00e8ces<\/p>\n<p>Fichier DXF : sur demande<\/p>\n<p><a href=\"https:\/\/scheco-ent.ch\/wp\/pdf\/Blatt%2057.pdf\" target=\"_blank\" rel=\"noopener\">exemple d&rsquo;installation<\/a><\/p>\n<p>T\u00e9l\u00e9charger le croquis de ce type<\/p>\n<p><a href=\"https:\/\/scheco-ent.ch\/wp\/pdf\/Blatt%2064.pdf\" target=\"_new\">Fiche technique<\/a><\/p>\n","protected":false},"excerpt":{"rendered":"<p>Bac de drainage en acier inoxydable. Acier 1.4404 (V4A) d\u00e9cap\u00e9 et passiv\u00e9, incl. Pieds et sangle<br \/>\nLongueur : 970mm ext\u00e9rieur : 1000mm<br \/>\nLargeur : 470 mm Ext\u00e9rieur : 500 mm<br \/>\nProfondeur : 62\/75 mm avec pente<br \/>\nSortie : au centre \u00e0 l&rsquo;aide d&rsquo;un siphon cloche Scheco type 421\/100, sortie \u00d8 110 mm verticalement incl. Tamis de sortie \u00e0 poser librement, avec une marge de 15 mm.<\/p>\n<p><a href=\"https:\/\/scheco-ent.ch\/wp\/pdf\/Blatt%2064.pdf\" target=\"_new\">Fiche technique<\/a><\/p>\n","protected":false},"featured_media":3578,"comment_status":"closed","ping_status":"closed","template":"","meta":[],"product_cat":[144,145],"product_tag":[],"class_list":{"0":"post-4303","1":"product","2":"type-product","3":"status-publish","4":"has-post-thumbnail","6":"product_cat-plateaux-de-drainage","7":"product_cat-standard","9":"first","10":"instock","11":"taxable","12":"shipping-taxable","13":"purchasable","14":"product-type-simple"},"composite_virtual":false,"composite_layout":"","composite_add_to_cart_form_location":"","composite_editable_in_cart":false,"composite_sold_individually_context":"","composite_shop_price_calc":"","composite_components":[],"composite_scenarios":[],"aioseo_notices":[],"_links":{"self":[{"href":"https:\/\/scheco-ent.ch\/fr\/wp-json\/wp\/v2\/product\/4303","targetHints":{"allow":["GET"]}}],"collection":[{"href":"https:\/\/scheco-ent.ch\/fr\/wp-json\/wp\/v2\/product"}],"about":[{"href":"https:\/\/scheco-ent.ch\/fr\/wp-json\/wp\/v2\/types\/product"}],"replies":[{"embeddable":true,"href":"https:\/\/scheco-ent.ch\/fr\/wp-json\/wp\/v2\/comments?post=4303"}],"wp:featuredmedia":[{"embeddable":true,"href":"https:\/\/scheco-ent.ch\/fr\/wp-json\/wp\/v2\/media\/3578"}],"wp:attachment":[{"href":"https:\/\/scheco-ent.ch\/fr\/wp-json\/wp\/v2\/media?parent=4303"}],"wp:term":[{"taxonomy":"product_cat","embeddable":true,"href":"https:\/\/scheco-ent.ch\/fr\/wp-json\/wp\/v2\/product_cat?post=4303"},{"taxonomy":"product_tag","embeddable":true,"href":"https:\/\/scheco-ent.ch\/fr\/wp-json\/wp\/v2\/product_tag?post=4303"}],"curies":[{"name":"wp","href":"https:\/\/api.w.org\/{rel}","templated":true}]}}