{"id":4305,"date":"2016-11-10T11:52:16","date_gmt":"2016-11-10T10:52:16","guid":{"rendered":"https:\/\/scheco-ent.ch\/produkt\/partie-superieure-150-x-150-mm-avec-tube-oe-1143-10-mm-longueur-100-mm\/"},"modified":"2016-11-10T11:52:16","modified_gmt":"2016-11-10T10:52:16","slug":"oberteil-150-x-150-mm-mit-rohr-o-114310-mm-laenge-100-3-2","status":"publish","type":"product","link":"https:\/\/scheco-ent.ch\/fr\/produkt\/oberteil-150-x-150-mm-mit-rohr-o-114310-mm-laenge-100-3-2\/","title":{"rendered":"Partie sup\u00e9rieure 150 x 150 mm, avec tube \u00d8 114,3\/1,0 mm longueur 100 mm"},"content":{"rendered":"<p><span>partie sup\u00e9rieure 150 x 150 mm, avec tube \u00d8 114,3 x 100 mm de long (soudure longitudinale \u00e9tanche sur le tube)<\/span><\/p>\n","protected":false},"excerpt":{"rendered":"<p>partie sup\u00e9rieure 150 x 150 mm, avec tube \u00d8 114,3 x 100 mm de long (soudure longitudinale \u00e9tanche sur le tube)<\/p>\n","protected":false},"featured_media":3535,"comment_status":"closed","ping_status":"closed","template":"","meta":[],"product_cat":[133],"product_tag":[],"class_list":{"0":"post-4305","1":"product","2":"type-product","3":"status-publish","4":"has-post-thumbnail","6":"product_cat-non-classe","8":"first","9":"instock","10":"taxable","11":"shipping-taxable","12":"purchasable","13":"product-type-simple"},"composite_virtual":false,"composite_layout":"","composite_add_to_cart_form_location":"","composite_editable_in_cart":false,"composite_sold_individually_context":"","composite_shop_price_calc":"","composite_components":[],"composite_scenarios":[],"aioseo_notices":[],"_links":{"self":[{"href":"https:\/\/scheco-ent.ch\/fr\/wp-json\/wp\/v2\/product\/4305","targetHints":{"allow":["GET"]}}],"collection":[{"href":"https:\/\/scheco-ent.ch\/fr\/wp-json\/wp\/v2\/product"}],"about":[{"href":"https:\/\/scheco-ent.ch\/fr\/wp-json\/wp\/v2\/types\/product"}],"replies":[{"embeddable":true,"href":"https:\/\/scheco-ent.ch\/fr\/wp-json\/wp\/v2\/comments?post=4305"}],"wp:featuredmedia":[{"embeddable":true,"href":"https:\/\/scheco-ent.ch\/fr\/wp-json\/wp\/v2\/media\/3535"}],"wp:attachment":[{"href":"https:\/\/scheco-ent.ch\/fr\/wp-json\/wp\/v2\/media?parent=4305"}],"wp:term":[{"taxonomy":"product_cat","embeddable":true,"href":"https:\/\/scheco-ent.ch\/fr\/wp-json\/wp\/v2\/product_cat?post=4305"},{"taxonomy":"product_tag","embeddable":true,"href":"https:\/\/scheco-ent.ch\/fr\/wp-json\/wp\/v2\/product_tag?post=4305"}],"curies":[{"name":"wp","href":"https:\/\/api.w.org\/{rel}","templated":true}]}}