{"id":4306,"date":"2016-11-07T16:17:18","date_gmt":"2016-11-07T15:17:18","guid":{"rendered":"https:\/\/scheco-ent.ch\/produkt\/5026138-2\/"},"modified":"2016-11-07T16:17:18","modified_gmt":"2016-11-07T15:17:18","slug":"5026138-2","status":"publish","type":"product","link":"https:\/\/scheco-ent.ch\/fr\/produkt\/5026138-2\/","title":{"rendered":"5026138"},"content":{"rendered":"<p><span style=\"font-size: 12px;background-color: normal;font-weight: normal;font-style:normal;text-decoration:none;font-variant:normal;letter-spacing: normal;text-transform: none\">Unit\u00e9 de rehaussement DN 100 T\u00f4le adh\u00e9sive 450 x 450 mm sabl\u00e9e incl. Ruban chauffant r\u00e9tr\u00e9ci.<br \/><\/span><span style=\"font-size: 12px;background-color: normal;font-weight: bold;font-style:normal;text-decoration:none;font-variant:normal;letter-spacing: normal;text-transform: none\">( c\u00e2ble d&rsquo;alimentation \u00e9lectrique et commande \u00e0 la charge du client )<\/span><\/p>\n","protected":false},"excerpt":{"rendered":"<p><span style=\"background-color: normal;font-weight: normal;font-style:normal;text-decoration:none;font-variant:normal;letter-spacing: normal;text-transform: none\">Unit\u00e9 de rehaussement DWE type 700\/100 incl. Ruban chauffant<\/span><\/p>\n","protected":false},"featured_media":3465,"comment_status":"closed","ping_status":"closed","template":"","meta":[],"product_cat":[133],"product_tag":[],"class_list":{"0":"post-4306","1":"product","2":"type-product","3":"status-publish","4":"has-post-thumbnail","6":"product_cat-non-classe","8":"first","9":"instock","10":"taxable","11":"shipping-taxable","12":"purchasable","13":"product-type-simple"},"composite_virtual":false,"composite_layout":"","composite_add_to_cart_form_location":"","composite_editable_in_cart":false,"composite_sold_individually_context":"","composite_shop_price_calc":"","composite_components":[],"composite_scenarios":[],"aioseo_notices":[],"_links":{"self":[{"href":"https:\/\/scheco-ent.ch\/fr\/wp-json\/wp\/v2\/product\/4306","targetHints":{"allow":["GET"]}}],"collection":[{"href":"https:\/\/scheco-ent.ch\/fr\/wp-json\/wp\/v2\/product"}],"about":[{"href":"https:\/\/scheco-ent.ch\/fr\/wp-json\/wp\/v2\/types\/product"}],"replies":[{"embeddable":true,"href":"https:\/\/scheco-ent.ch\/fr\/wp-json\/wp\/v2\/comments?post=4306"}],"wp:featuredmedia":[{"embeddable":true,"href":"https:\/\/scheco-ent.ch\/fr\/wp-json\/wp\/v2\/media\/3465"}],"wp:attachment":[{"href":"https:\/\/scheco-ent.ch\/fr\/wp-json\/wp\/v2\/media?parent=4306"}],"wp:term":[{"taxonomy":"product_cat","embeddable":true,"href":"https:\/\/scheco-ent.ch\/fr\/wp-json\/wp\/v2\/product_cat?post=4306"},{"taxonomy":"product_tag","embeddable":true,"href":"https:\/\/scheco-ent.ch\/fr\/wp-json\/wp\/v2\/product_tag?post=4306"}],"curies":[{"name":"wp","href":"https:\/\/api.w.org\/{rel}","templated":true}]}}