{"id":4309,"date":"2016-10-16T17:40:47","date_gmt":"2016-10-16T15:40:47","guid":{"rendered":"https:\/\/scheco-ent.ch\/produkt\/siphon-a-cloche-scheco-type-325-70\/"},"modified":"2022-07-26T13:49:06","modified_gmt":"2022-07-26T11:49:06","slug":"glockensifon-scheco-typ-32570-aus-rostfreiem-stahl-1-440-2","status":"publish","type":"product","link":"https:\/\/scheco-ent.ch\/fr\/produkt\/glockensifon-scheco-typ-32570-aus-rostfreiem-stahl-1-440-2\/","title":{"rendered":"Siphon \u00e0 cloche Scheco type 325\/70"},"content":{"rendered":"<ul>\n<li>En acier inoxydable 1.4404 (V4A) d\u00e9cap\u00e9 et passiv\u00e9.<\/li>\n<li>Avec siphon, homologation VSA selon la norme suisse 592\u00a0000<\/li>\n<li>Avec plaque de collage type 326 (plaque de collage choisir dans le configurateur)<\/li>\n<li>Disponible en stock<\/li>\n<li>Hauteur r\u00e9glable<\/li>\n<li>Rotatif<\/li>\n<li>Disponible avec grille \u00e0 trous ronde \u00d8 124 x 4 mm<\/li>\n<\/ul>\n<p>Fichier DXF : <a title=\"Feuille 78.DXF\" href=\"https:\/\/scheco-ent.ch\/cad\/Blatt%2078%20DXF.DXF\" target=\"_blank\" rel=\"noopener\">Feuille 78.DXF<\/a><\/p>\n<p>T\u00e9l\u00e9charger le croquis cot\u00e9 pour ce type:<\/p>\n<p><a href=\"https:\/\/scheco-ent.ch\/wp\/pdf\/Blatt%2078.pdf\" target=\"_new\">Fiche technique<\/a><\/p>\n","protected":false},"excerpt":{"rendered":"<p>Siphon \u00e0 cloche Scheco type\u00a0325\/70<\/p>\n","protected":false},"featured_media":3513,"comment_status":"closed","ping_status":"closed","template":"","meta":[],"product_cat":[143],"product_tag":[],"class_list":{"0":"post-4309","1":"product","2":"type-product","3":"status-publish","4":"has-post-thumbnail","6":"product_cat-siphon-cloche-vertical","8":"first","9":"instock","10":"taxable","11":"shipping-taxable","12":"purchasable","13":"product-type-composite"},"composite_virtual":false,"composite_layout":"paged","composite_add_to_cart_form_location":"default","composite_editable_in_cart":false,"composite_sold_individually_context":"product","composite_shop_price_calc":"min_max","composite_components":[{"id":"5690952923","title":"siphon cloche","description":"","query_type":"product_ids","query_ids":[4357],"default_option_id":4357,"thumbnail_id":"","thumbnail_src":"","quantity_min":1,"quantity_max":1,"priced_individually":true,"shipped_individually":false,"optional":false,"discount":"","options_style":"dropdowns","pagination_style":"classic","display_prices":"absolute","show_sorting_options":false,"show_filtering_options":false,"attribute_filter_ids":[],"select_action":"view","product_title_visible":true,"product_descr_visible":true,"product_price_visible":true,"product_thumb_visible":true,"subtotal_visible_product":true,"subtotal_visible_cart":true,"subtotal_visible_orders":true},{"id":"7144879447","title":"grille \/ couvercle","description":"","query_type":"product_ids","query_ids":[4201],"default_option_id":4201,"thumbnail_id":"","thumbnail_src":"","quantity_min":1,"quantity_max":1,"priced_individually":true,"shipped_individually":false,"optional":false,"discount":"","options_style":"dropdowns","pagination_style":"classic","display_prices":"absolute","show_sorting_options":false,"show_filtering_options":false,"attribute_filter_ids":[],"select_action":"view","product_title_visible":true,"product_descr_visible":true,"product_price_visible":true,"product_thumb_visible":true,"subtotal_visible_product":true,"subtotal_visible_cart":true,"subtotal_visible_orders":true},{"id":"6966712833","title":"Kit de montage (en option)","description":"","query_type":"product_ids","query_ids":[4410,4409,4408,4264],"default_option_id":"","thumbnail_id":"","thumbnail_src":"","quantity_min":1,"quantity_max":3,"priced_individually":true,"shipped_individually":false,"optional":true,"discount":"","options_style":"thumbnails","pagination_style":"classic","display_prices":"absolute","show_sorting_options":false,"show_filtering_options":false,"attribute_filter_ids":[],"select_action":"view","product_title_visible":true,"product_descr_visible":true,"product_price_visible":true,"product_thumb_visible":true,"subtotal_visible_product":true,"subtotal_visible_cart":true,"subtotal_visible_orders":true},{"id":"1932083478","title":"Kit de montage (en option)","description":"","query_type":"product_ids","query_ids":[4401],"default_option_id":"","thumbnail_id":"","thumbnail_src":"","quantity_min":3,"quantity_max":3,"priced_individually":true,"shipped_individually":false,"optional":true,"discount":"","options_style":"thumbnails","pagination_style":"classic","display_prices":"absolute","show_sorting_options":false,"show_filtering_options":false,"attribute_filter_ids":[],"select_action":"view","product_title_visible":true,"product_descr_visible":true,"product_price_visible":true,"product_thumb_visible":true,"subtotal_visible_product":true,"subtotal_visible_cart":true,"subtotal_visible_orders":true},{"id":"7002889467","title":"Kit de montage (en option)","description":"","query_type":"product_ids","query_ids":[4401],"default_option_id":"","thumbnail_id":"","thumbnail_src":"","quantity_min":3,"quantity_max":3,"priced_individually":true,"shipped_individually":false,"optional":true,"discount":"","options_style":"thumbnails","pagination_style":"classic","display_prices":"absolute","show_sorting_options":false,"show_filtering_options":false,"attribute_filter_ids":[],"select_action":"view","product_title_visible":true,"product_descr_visible":true,"product_price_visible":true,"product_thumb_visible":true,"subtotal_visible_product":true,"subtotal_visible_cart":true,"subtotal_visible_orders":true},{"id":"4140920103","title":"Kit de montage (en option)","description":"","query_type":"product_ids","query_ids":[4401],"default_option_id":"","thumbnail_id":"","thumbnail_src":"","quantity_min":3,"quantity_max":3,"priced_individually":true,"shipped_individually":false,"optional":true,"discount":"","options_style":"thumbnails","pagination_style":"classic","display_prices":"absolute","show_sorting_options":false,"show_filtering_options":false,"attribute_filter_ids":[],"select_action":"view","product_title_visible":true,"product_descr_visible":true,"product_price_visible":true,"product_thumb_visible":true,"subtotal_visible_product":true,"subtotal_visible_cart":true,"subtotal_visible_orders":true}],"composite_scenarios":[{"id":"1640008881","name":"5026535","description":"","configuration":[{"component_id":"5690952923","options_modifier":"in","component_options":[4357]},{"component_id":"7144879447","options_modifier":"in","component_options":[4201]},{"component_id":"6966712833","options_modifier":"in","component_options":[4264]}],"actions":[{"action_id":"compat_group","is_active":false},{"action_id":"conditional_components","is_active":true,"hidden_components":["1932083478","7002889467","4140920103"]},{"action_id":"conditional_options","is_active":false,"hidden_options":[]}],"enabled":true},{"id":"1640008882","name":"5026110","description":"","configuration":[{"component_id":"5690952923","options_modifier":"in","component_options":[4357]},{"component_id":"7144879447","options_modifier":"in","component_options":[4201]},{"component_id":"6966712833","options_modifier":"in","component_options":[4410]}],"actions":[{"action_id":"compat_group","is_active":false},{"action_id":"conditional_components","is_active":true,"hidden_components":["7002889467","4140920103"]},{"action_id":"conditional_options","is_active":false,"hidden_options":[]}],"enabled":true},{"id":"1640008883","name":"5026110 - 5026110","description":"","configuration":[{"component_id":"5690952923","options_modifier":"in","component_options":[4357]},{"component_id":"7144879447","options_modifier":"in","component_options":[4201]},{"component_id":"6966712833","options_modifier":"any"},{"component_id":"1932083478","options_modifier":"in","component_options":[4401]}],"actions":[{"action_id":"compat_group","is_active":false},{"action_id":"conditional_components","is_active":true,"hidden_components":[]},{"action_id":"conditional_options","is_active":false,"hidden_options":[]}],"enabled":true},{"id":"1640008884","name":"5026110 - 5026110 - 5026110optional","description":"","configuration":[{"component_id":"6966712833","options_modifier":"in","component_options":[-1]}],"actions":[{"action_id":"compat_group","is_active":false},{"action_id":"conditional_components","is_active":true,"hidden_components":["7002889467","4140920103"]},{"action_id":"conditional_options","is_active":false,"hidden_options":[]}],"enabled":true},{"id":"1640008885","name":"5026111","description":"","configuration":[{"component_id":"5690952923","options_modifier":"in","component_options":[4357]},{"component_id":"7144879447","options_modifier":"in","component_options":[4201]},{"component_id":"6966712833","options_modifier":"in","component_options":[4409]}],"actions":[{"action_id":"compat_group","is_active":false},{"action_id":"conditional_components","is_active":true,"hidden_components":["1932083478","4140920103"]},{"action_id":"conditional_options","is_active":false,"hidden_options":[]}],"enabled":true},{"id":"1640008886","name":"5026111 - 5026111","description":"","configuration":[{"component_id":"5690952923","options_modifier":"in","component_options":[4357]},{"component_id":"7144879447","options_modifier":"in","component_options":[4201]},{"component_id":"6966712833","options_modifier":"any"},{"component_id":"7002889467","options_modifier":"in","component_options":[4401]}],"actions":[{"action_id":"compat_group","is_active":false},{"action_id":"conditional_components","is_active":true,"hidden_components":[]},{"action_id":"conditional_options","is_active":false,"hidden_options":[]}],"enabled":true},{"id":"1640008887","name":"5026111 - 5026111 - 5026111optional","description":"","configuration":[{"component_id":"6966712833","options_modifier":"in","component_options":[-1]}],"actions":[{"action_id":"compat_group","is_active":false},{"action_id":"conditional_components","is_active":true,"hidden_components":["1932083478","4140920103"]},{"action_id":"conditional_options","is_active":false,"hidden_options":[]}],"enabled":true},{"id":"1640008888","name":"5026112","description":"","configuration":[{"component_id":"5690952923","options_modifier":"in","component_options":[4357]},{"component_id":"7144879447","options_modifier":"in","component_options":[4201]},{"component_id":"6966712833","options_modifier":"in","component_options":[4408]}],"actions":[{"action_id":"compat_group","is_active":false},{"action_id":"conditional_components","is_active":true,"hidden_components":["1932083478","7002889467"]},{"action_id":"conditional_options","is_active":false,"hidden_options":[]}],"enabled":true},{"id":"1640008889","name":"5026112 - 5026112","description":"","configuration":[{"component_id":"5690952923","options_modifier":"in","component_options":[4357]},{"component_id":"7144879447","options_modifier":"in","component_options":[4201]},{"component_id":"6966712833","options_modifier":"any"},{"component_id":"4140920103","options_modifier":"in","component_options":[4401]}],"actions":[{"action_id":"compat_group","is_active":false},{"action_id":"conditional_components","is_active":true,"hidden_components":[]},{"action_id":"conditional_options","is_active":false,"hidden_options":[]}],"enabled":true},{"id":"1640008890","name":"5026112 - 5026112 - 5026112optional","description":"","configuration":[{"component_id":"6966712833","options_modifier":"in","component_options":[-1]}],"actions":[{"action_id":"compat_group","is_active":false},{"action_id":"conditional_components","is_active":true,"hidden_components":["1932083478","7002889467"]},{"action_id":"conditional_options","is_active":false,"hidden_options":[]}],"enabled":true}],"aioseo_notices":[],"_links":{"self":[{"href":"https:\/\/scheco-ent.ch\/fr\/wp-json\/wp\/v2\/product\/4309","targetHints":{"allow":["GET"]}}],"collection":[{"href":"https:\/\/scheco-ent.ch\/fr\/wp-json\/wp\/v2\/product"}],"about":[{"href":"https:\/\/scheco-ent.ch\/fr\/wp-json\/wp\/v2\/types\/product"}],"replies":[{"embeddable":true,"href":"https:\/\/scheco-ent.ch\/fr\/wp-json\/wp\/v2\/comments?post=4309"}],"wp:featuredmedia":[{"embeddable":true,"href":"https:\/\/scheco-ent.ch\/fr\/wp-json\/wp\/v2\/media\/3513"}],"wp:attachment":[{"href":"https:\/\/scheco-ent.ch\/fr\/wp-json\/wp\/v2\/media?parent=4309"}],"wp:term":[{"taxonomy":"product_cat","embeddable":true,"href":"https:\/\/scheco-ent.ch\/fr\/wp-json\/wp\/v2\/product_cat?post=4309"},{"taxonomy":"product_tag","embeddable":true,"href":"https:\/\/scheco-ent.ch\/fr\/wp-json\/wp\/v2\/product_tag?post=4309"}],"curies":[{"name":"wp","href":"https:\/\/api.w.org\/{rel}","templated":true}]}}