{"id":4331,"date":"2016-10-16T17:12:43","date_gmt":"2016-10-16T15:12:43","guid":{"rendered":"https:\/\/scheco-ent.ch\/produkt\/partie-superieure-150-x-150-mm-avec-tube-oe-1143-10-mm-longueur-100\/"},"modified":"2016-10-16T17:12:43","modified_gmt":"2016-10-16T15:12:43","slug":"oberteil-150-x-150-mm-mit-rohr-o-114310-mm-laenge-100-2","status":"publish","type":"product","link":"https:\/\/scheco-ent.ch\/fr\/produkt\/oberteil-150-x-150-mm-mit-rohr-o-114310-mm-laenge-100-2\/","title":{"rendered":"Partie sup\u00e9rieure 150 x 150 mm, avec tube \u00d8 114,3\/1,0 mm Longueur 100&#8230;"},"content":{"rendered":"<p><span>Partie sup\u00e9rieure 150 x 150 mm, avec tube \u00d8 114,3\/1,0 mm longueur 100 mm (soudure longitudinale \u00e9tanche sur le tube), avec t\u00f4le adh\u00e9sive soud\u00e9e de mani\u00e8re \u00e9tanche, largeur sur tout le pourtour 75 mm, hauteur \u00e0 partir du haut de l&rsquo;admission <\/span><span style=\"font-weight: bold\">&#8211; 16 mm<\/span><\/p>\n","protected":false},"excerpt":{"rendered":"<p>Partie sup\u00e9rieure 150 x 150 mm, avec tube \u00d8 114,3\/1,0 mm longueur 100 mm (soudure longitudinale \u00e9tanche sur le tube), avec t\u00f4le adh\u00e9sive soud\u00e9e de mani\u00e8re \u00e9tanche, largeur sur tout le pourtour 75 mm, hauteur \u00e0 partir du haut de l&rsquo;entr\u00e9e <span style=\"font-weight: bold\">&#8211; 16 mm<\/span><\/p>\n","protected":false},"featured_media":3474,"comment_status":"closed","ping_status":"closed","template":"","meta":[],"product_cat":[133],"product_tag":[],"class_list":{"0":"post-4331","1":"product","2":"type-product","3":"status-publish","4":"has-post-thumbnail","6":"product_cat-non-classe","8":"first","9":"instock","10":"taxable","11":"shipping-taxable","12":"purchasable","13":"product-type-simple"},"composite_virtual":false,"composite_layout":"","composite_add_to_cart_form_location":"","composite_editable_in_cart":false,"composite_sold_individually_context":"","composite_shop_price_calc":"","composite_components":[],"composite_scenarios":[],"aioseo_notices":[],"_links":{"self":[{"href":"https:\/\/scheco-ent.ch\/fr\/wp-json\/wp\/v2\/product\/4331","targetHints":{"allow":["GET"]}}],"collection":[{"href":"https:\/\/scheco-ent.ch\/fr\/wp-json\/wp\/v2\/product"}],"about":[{"href":"https:\/\/scheco-ent.ch\/fr\/wp-json\/wp\/v2\/types\/product"}],"replies":[{"embeddable":true,"href":"https:\/\/scheco-ent.ch\/fr\/wp-json\/wp\/v2\/comments?post=4331"}],"wp:featuredmedia":[{"embeddable":true,"href":"https:\/\/scheco-ent.ch\/fr\/wp-json\/wp\/v2\/media\/3474"}],"wp:attachment":[{"href":"https:\/\/scheco-ent.ch\/fr\/wp-json\/wp\/v2\/media?parent=4331"}],"wp:term":[{"taxonomy":"product_cat","embeddable":true,"href":"https:\/\/scheco-ent.ch\/fr\/wp-json\/wp\/v2\/product_cat?post=4331"},{"taxonomy":"product_tag","embeddable":true,"href":"https:\/\/scheco-ent.ch\/fr\/wp-json\/wp\/v2\/product_tag?post=4331"}],"curies":[{"name":"wp","href":"https:\/\/api.w.org\/{rel}","templated":true}]}}