{"id":4332,"date":"2016-10-16T17:09:25","date_gmt":"2016-10-16T15:09:25","guid":{"rendered":"https:\/\/scheco-ent.ch\/produkt\/plaque-dentree-6-mm-carrossable-dimensions-240-x-240-x-20-mm\/"},"modified":"2022-08-25T07:34:50","modified_gmt":"2022-08-25T05:34:50","slug":"einlaufplatte-6mm-befahrbar-groesse-240-x-240-x-20-mm-rut-2","status":"publish","type":"product","link":"https:\/\/scheco-ent.ch\/fr\/produkt\/einlaufplatte-6mm-befahrbar-groesse-240-x-240-x-20-mm-rut-2\/","title":{"rendered":"Plaque d&rsquo;entr\u00e9e 6 mm carrossable dimensions 240 x 240 x 20 mm"},"content":{"rendered":"<p>Plaque de recouvrement 6\/8mm dimensions 240 x 240 x 20 mm moyennement carrossable sur demande \u00e9galement difficilement carrossable avec surface antid\u00e9rapante gr\u00e2ce \u00e0 la t\u00f4le stri\u00e9e (utilisable pour presque tous les types).<\/p>\n<p>T\u00e9l\u00e9charger le croquis de ce type<\/p>\n<p><a href=\"https:\/\/scheco-ent.ch\/wp\/pdf\/Blatt%2086.pdf\" target=\"_new\">Fiche technique<\/a><\/p>\n","protected":false},"excerpt":{"rendered":"<p>Plaque d&rsquo;entr\u00e9e 6mm carrossable Dimensions 240 x 240 x 20 mm antid\u00e9rapant ( t\u00f4le larm\u00e9e )<\/p>\n<p><a href=\"https:\/\/scheco-ent.ch\/wp\/pdf\/Blatt%2086.pdf\" target=\"_new\">Fiche technique<\/a><\/p>\n","protected":false},"featured_media":3304,"comment_status":"closed","ping_status":"closed","template":"","meta":[],"product_cat":[134,136],"product_tag":[],"class_list":{"0":"post-4332","1":"product","2":"type-product","3":"status-publish","4":"has-post-thumbnail","6":"product_cat-pieces-detachees-pieces-de-rechange","7":"product_cat-grilles","9":"first","10":"instock","11":"taxable","12":"shipping-taxable","13":"purchasable","14":"product-type-simple"},"composite_virtual":false,"composite_layout":"","composite_add_to_cart_form_location":"","composite_editable_in_cart":false,"composite_sold_individually_context":"","composite_shop_price_calc":"","composite_components":[],"composite_scenarios":[],"aioseo_notices":[],"_links":{"self":[{"href":"https:\/\/scheco-ent.ch\/fr\/wp-json\/wp\/v2\/product\/4332","targetHints":{"allow":["GET"]}}],"collection":[{"href":"https:\/\/scheco-ent.ch\/fr\/wp-json\/wp\/v2\/product"}],"about":[{"href":"https:\/\/scheco-ent.ch\/fr\/wp-json\/wp\/v2\/types\/product"}],"replies":[{"embeddable":true,"href":"https:\/\/scheco-ent.ch\/fr\/wp-json\/wp\/v2\/comments?post=4332"}],"wp:featuredmedia":[{"embeddable":true,"href":"https:\/\/scheco-ent.ch\/fr\/wp-json\/wp\/v2\/media\/3304"}],"wp:attachment":[{"href":"https:\/\/scheco-ent.ch\/fr\/wp-json\/wp\/v2\/media?parent=4332"}],"wp:term":[{"taxonomy":"product_cat","embeddable":true,"href":"https:\/\/scheco-ent.ch\/fr\/wp-json\/wp\/v2\/product_cat?post=4332"},{"taxonomy":"product_tag","embeddable":true,"href":"https:\/\/scheco-ent.ch\/fr\/wp-json\/wp\/v2\/product_tag?post=4332"}],"curies":[{"name":"wp","href":"https:\/\/api.w.org\/{rel}","templated":true}]}}