{"id":4333,"date":"2016-10-16T17:09:07","date_gmt":"2016-10-16T15:09:07","guid":{"rendered":"https:\/\/scheco-ent.ch\/produkt\/partie-inferieure-ba-avec-bride-de-collage-et-sortie-horizontale\/"},"modified":"2016-10-16T17:09:07","modified_gmt":"2016-10-16T15:09:07","slug":"ba-fond-avec-bride-collante-et-sortie-horizontale-2","status":"publish","type":"product","link":"https:\/\/scheco-ent.ch\/fr\/produkt\/ba-fond-avec-bride-collante-et-sortie-horizontale-2\/","title":{"rendered":"Partie inf\u00e9rieure BA avec bride de collage et sortie horizontale"},"content":{"rendered":"<p>Partie inf\u00e9rieure BA avec bride de collage 300 x 300 mm et sortie horizontale \u00d8 63,5\/59,5 mm  <\/p>\n","protected":false},"excerpt":{"rendered":"<p>Partie inf\u00e9rieure BA avec bride de collage 300 x 300 mm et sortie horizontale \u00d8 63,5\/59,5 mm<\/p>\n","protected":false},"featured_media":3473,"comment_status":"closed","ping_status":"closed","template":"","meta":[],"product_cat":[133],"product_tag":[],"class_list":{"0":"post-4333","1":"product","2":"type-product","3":"status-publish","4":"has-post-thumbnail","6":"product_cat-non-classe","8":"first","9":"instock","10":"taxable","11":"shipping-taxable","12":"purchasable","13":"product-type-simple"},"composite_virtual":false,"composite_layout":"","composite_add_to_cart_form_location":"","composite_editable_in_cart":false,"composite_sold_individually_context":"","composite_shop_price_calc":"","composite_components":[],"composite_scenarios":[],"aioseo_notices":[],"_links":{"self":[{"href":"https:\/\/scheco-ent.ch\/fr\/wp-json\/wp\/v2\/product\/4333","targetHints":{"allow":["GET"]}}],"collection":[{"href":"https:\/\/scheco-ent.ch\/fr\/wp-json\/wp\/v2\/product"}],"about":[{"href":"https:\/\/scheco-ent.ch\/fr\/wp-json\/wp\/v2\/types\/product"}],"replies":[{"embeddable":true,"href":"https:\/\/scheco-ent.ch\/fr\/wp-json\/wp\/v2\/comments?post=4333"}],"wp:featuredmedia":[{"embeddable":true,"href":"https:\/\/scheco-ent.ch\/fr\/wp-json\/wp\/v2\/media\/3473"}],"wp:attachment":[{"href":"https:\/\/scheco-ent.ch\/fr\/wp-json\/wp\/v2\/media?parent=4333"}],"wp:term":[{"taxonomy":"product_cat","embeddable":true,"href":"https:\/\/scheco-ent.ch\/fr\/wp-json\/wp\/v2\/product_cat?post=4333"},{"taxonomy":"product_tag","embeddable":true,"href":"https:\/\/scheco-ent.ch\/fr\/wp-json\/wp\/v2\/product_tag?post=4333"}],"curies":[{"name":"wp","href":"https:\/\/api.w.org\/{rel}","templated":true}]}}