{"id":4334,"date":"2016-10-16T17:07:10","date_gmt":"2016-10-16T15:07:10","guid":{"rendered":"https:\/\/scheco-ent.ch\/produkt\/grille-perforee-2-mm-speciale-praticable-dimensions-145-x-145-x-14-mm\/"},"modified":"2022-08-25T07:38:45","modified_gmt":"2022-08-25T05:38:45","slug":"lochrost-2-mm-spezial-begehbar-groesse-145-x-145-x-14mm-2","status":"publish","type":"product","link":"https:\/\/scheco-ent.ch\/fr\/produkt\/lochrost-2-mm-spezial-begehbar-groesse-145-x-145-x-14mm-2\/","title":{"rendered":"Grille perfor\u00e9e 2 mm sp\u00e9ciale praticable dimensions 145 x 145 x 14 mm"},"content":{"rendered":"<p>Grille perfor\u00e9e 2 mm sp\u00e9ciale praticable dimensions 145 x 145 x 14 mm<\/p>\n","protected":false},"excerpt":{"rendered":"<p>Grille perfor\u00e9e 2 mm sp\u00e9ciale praticable Dimensions 145 x 145 x 14 mm<\/p>\n","protected":false},"featured_media":3303,"comment_status":"closed","ping_status":"closed","template":"","meta":[],"product_cat":[134,136],"product_tag":[],"class_list":{"0":"post-4334","1":"product","2":"type-product","3":"status-publish","4":"has-post-thumbnail","6":"product_cat-pieces-detachees-pieces-de-rechange","7":"product_cat-grilles","9":"first","10":"instock","11":"taxable","12":"shipping-taxable","13":"purchasable","14":"product-type-simple"},"composite_virtual":false,"composite_layout":"","composite_add_to_cart_form_location":"","composite_editable_in_cart":false,"composite_sold_individually_context":"","composite_shop_price_calc":"","composite_components":[],"composite_scenarios":[],"aioseo_notices":[],"_links":{"self":[{"href":"https:\/\/scheco-ent.ch\/fr\/wp-json\/wp\/v2\/product\/4334","targetHints":{"allow":["GET"]}}],"collection":[{"href":"https:\/\/scheco-ent.ch\/fr\/wp-json\/wp\/v2\/product"}],"about":[{"href":"https:\/\/scheco-ent.ch\/fr\/wp-json\/wp\/v2\/types\/product"}],"replies":[{"embeddable":true,"href":"https:\/\/scheco-ent.ch\/fr\/wp-json\/wp\/v2\/comments?post=4334"}],"wp:featuredmedia":[{"embeddable":true,"href":"https:\/\/scheco-ent.ch\/fr\/wp-json\/wp\/v2\/media\/3303"}],"wp:attachment":[{"href":"https:\/\/scheco-ent.ch\/fr\/wp-json\/wp\/v2\/media?parent=4334"}],"wp:term":[{"taxonomy":"product_cat","embeddable":true,"href":"https:\/\/scheco-ent.ch\/fr\/wp-json\/wp\/v2\/product_cat?post=4334"},{"taxonomy":"product_tag","embeddable":true,"href":"https:\/\/scheco-ent.ch\/fr\/wp-json\/wp\/v2\/product_tag?post=4334"}],"curies":[{"name":"wp","href":"https:\/\/api.w.org\/{rel}","templated":true}]}}