{"id":4396,"date":"2016-10-16T10:39:14","date_gmt":"2016-10-16T08:39:14","guid":{"rendered":"https:\/\/scheco-ent.ch\/produkt\/grille-perforee-6mm-carrossable-dimensions-240-x-240-x-20mm\/"},"modified":"2022-08-25T07:39:43","modified_gmt":"2022-08-25T05:39:43","slug":"lochrost-6mm-befahrbar-groesse-240-x-240-x-20mm-2","status":"publish","type":"product","link":"https:\/\/scheco-ent.ch\/fr\/produkt\/lochrost-6mm-befahrbar-groesse-240-x-240-x-20mm-2\/","title":{"rendered":"Grille perfor\u00e9e 6mm carrossable dimensions 240 x 240 x 20mm"},"content":{"rendered":"<p>Grille perfor\u00e9e de 6 mm, dimensions 245 x 245 x 20 mm, praticable \u00e0 pieds nus et avec une <strong>roue \u00e0 pneus jusqu&rsquo;\u00e0 une charge totale de 40 tonnes <\/strong>(utilisable pour presque tous les types).<\/p>\n<p>T\u00e9l\u00e9charger le croquis de ce type<\/p>\n<p><a href=\"https:\/\/scheco-ent.ch\/wp\/pdf\/Blatt%2086.pdf\" target=\"_new\">Fiche technique<\/a><\/p>\n","protected":false},"excerpt":{"rendered":"<p>Grille perfor\u00e9e 6 mm<span style=\"font-weight: bold;\"> carrossable<\/span> Dimensions 240 x 240 x 20 mm<\/p>\n<p><a href=\"https:\/\/scheco-ent.ch\/wp\/pdf\/Blatt%2086.pdf\" target=\"_new\">Fiche technique<\/a><\/p>\n","protected":false},"featured_media":3298,"comment_status":"closed","ping_status":"closed","template":"","meta":[],"product_cat":[134,136],"product_tag":[],"class_list":{"0":"post-4396","1":"product","2":"type-product","3":"status-publish","4":"has-post-thumbnail","6":"product_cat-pieces-detachees-pieces-de-rechange","7":"product_cat-grilles","9":"first","10":"instock","11":"taxable","12":"shipping-taxable","13":"purchasable","14":"product-type-simple"},"composite_virtual":false,"composite_layout":"","composite_add_to_cart_form_location":"","composite_editable_in_cart":false,"composite_sold_individually_context":"","composite_shop_price_calc":"","composite_components":[],"composite_scenarios":[],"aioseo_notices":[],"_links":{"self":[{"href":"https:\/\/scheco-ent.ch\/fr\/wp-json\/wp\/v2\/product\/4396","targetHints":{"allow":["GET"]}}],"collection":[{"href":"https:\/\/scheco-ent.ch\/fr\/wp-json\/wp\/v2\/product"}],"about":[{"href":"https:\/\/scheco-ent.ch\/fr\/wp-json\/wp\/v2\/types\/product"}],"replies":[{"embeddable":true,"href":"https:\/\/scheco-ent.ch\/fr\/wp-json\/wp\/v2\/comments?post=4396"}],"wp:featuredmedia":[{"embeddable":true,"href":"https:\/\/scheco-ent.ch\/fr\/wp-json\/wp\/v2\/media\/3298"}],"wp:attachment":[{"href":"https:\/\/scheco-ent.ch\/fr\/wp-json\/wp\/v2\/media?parent=4396"}],"wp:term":[{"taxonomy":"product_cat","embeddable":true,"href":"https:\/\/scheco-ent.ch\/fr\/wp-json\/wp\/v2\/product_cat?post=4396"},{"taxonomy":"product_tag","embeddable":true,"href":"https:\/\/scheco-ent.ch\/fr\/wp-json\/wp\/v2\/product_tag?post=4396"}],"curies":[{"name":"wp","href":"https:\/\/api.w.org\/{rel}","templated":true}]}}