{"id":4398,"date":"2016-10-13T13:32:49","date_gmt":"2016-10-13T11:32:49","guid":{"rendered":"https:\/\/scheco-ent.ch\/produkt\/grille-perforee-4-mm-praticable-ronde-oe-124-mm\/"},"modified":"2016-10-13T13:32:49","modified_gmt":"2016-10-13T11:32:49","slug":"lochrost-4-mm-begehbar-rund-o-124-mm-2","status":"publish","type":"product","link":"https:\/\/scheco-ent.ch\/fr\/produkt\/lochrost-4-mm-begehbar-rund-o-124-mm-2\/","title":{"rendered":"Grille perfor\u00e9e 4 mm praticable ronde \u00d8 124 mm"},"content":{"rendered":"<p>Grille perfor\u00e9e 4mm, taille ronde \u00d8 124 mm (type 100 &amp; 325\/326) praticable pieds nus et facilement carrossable.<\/p>\n<p>T\u00e9l\u00e9charger le croquis de ce type<\/p>\n<p><a href=\"https:\/\/scheco-ent.ch\/wp\/pdf\/Blatt%2086.pdf\" target=\"_new\">Fiche technique<\/a><\/p>\n","protected":false},"excerpt":{"rendered":"<p>Grille perfor\u00e9e 4 mm praticable ronde \u00d8 124 mm<\/p>\n<p><a href=\"https:\/\/scheco-ent.ch\/wp\/pdf\/Blatt%2086.pdf\" target=\"_new\">Fiche technique<\/a><\/p>\n","protected":false},"featured_media":3634,"comment_status":"closed","ping_status":"closed","template":"","meta":[],"product_cat":[134,136],"product_tag":[],"class_list":{"0":"post-4398","1":"product","2":"type-product","3":"status-publish","4":"has-post-thumbnail","6":"product_cat-pieces-detachees-pieces-de-rechange","7":"product_cat-grilles","9":"first","10":"instock","11":"taxable","12":"shipping-taxable","13":"purchasable","14":"product-type-simple"},"composite_virtual":false,"composite_layout":"","composite_add_to_cart_form_location":"","composite_editable_in_cart":false,"composite_sold_individually_context":"","composite_shop_price_calc":"","composite_components":[],"composite_scenarios":[],"aioseo_notices":[],"_links":{"self":[{"href":"https:\/\/scheco-ent.ch\/fr\/wp-json\/wp\/v2\/product\/4398","targetHints":{"allow":["GET"]}}],"collection":[{"href":"https:\/\/scheco-ent.ch\/fr\/wp-json\/wp\/v2\/product"}],"about":[{"href":"https:\/\/scheco-ent.ch\/fr\/wp-json\/wp\/v2\/types\/product"}],"replies":[{"embeddable":true,"href":"https:\/\/scheco-ent.ch\/fr\/wp-json\/wp\/v2\/comments?post=4398"}],"wp:featuredmedia":[{"embeddable":true,"href":"https:\/\/scheco-ent.ch\/fr\/wp-json\/wp\/v2\/media\/3634"}],"wp:attachment":[{"href":"https:\/\/scheco-ent.ch\/fr\/wp-json\/wp\/v2\/media?parent=4398"}],"wp:term":[{"taxonomy":"product_cat","embeddable":true,"href":"https:\/\/scheco-ent.ch\/fr\/wp-json\/wp\/v2\/product_cat?post=4398"},{"taxonomy":"product_tag","embeddable":true,"href":"https:\/\/scheco-ent.ch\/fr\/wp-json\/wp\/v2\/product_tag?post=4398"}],"curies":[{"name":"wp","href":"https:\/\/api.w.org\/{rel}","templated":true}]}}