{"id":4405,"date":"2016-10-12T10:00:28","date_gmt":"2016-10-12T08:00:28","guid":{"rendered":"https:\/\/scheco-ent.ch\/produkt\/grille-dimensions-238-x-238-mm-inox-acier-1-4301-decape\/"},"modified":"2022-08-25T07:43:34","modified_gmt":"2022-08-25T05:43:34","slug":"gitterrost-gr-238-x-238-mm-rostfr-stahl-1-4301-gebeizt-2","status":"publish","type":"product","link":"https:\/\/scheco-ent.ch\/fr\/produkt\/gitterrost-gr-238-x-238-mm-rostfr-stahl-1-4301-gebeizt-2\/","title":{"rendered":"Caillebotis dimensions 238 x 238 mm acier inoxyable 1.4301 d\u00e9cap\u00e9"},"content":{"rendered":"<p>Caillebotis dimensions 238 x 238 x 20 mm en acier inoxydable 1.4301 (V2A) d\u00e9cap\u00e9 et passiv\u00e9. Barre porteuse 20\/3mm, maille 22 x 22 mm, avec barreaux arrondis, carrossable, ne convient pas pour les zones pieds nus (utilisable pour presque tous les types).<\/p>\n<p>T\u00e9l\u00e9charger le croquis de ce type<\/p>\n<p><a href=\"https:\/\/scheco-ent.ch\/wp\/pdf\/Blatt%2086.pdf\" target=\"_new\">Fiche technique<\/a><\/p>\n","protected":false},"excerpt":{"rendered":"<p>Grille, dimensions 238 x 238 mm, acier inoxydable 1.4301 d\u00e9cap\u00e9, barre porteuse 20\/3 mm, maille 22 x 22 mm.<\/p>\n<p><a href=\"https:\/\/scheco-ent.ch\/wp\/pdf\/Blatt%2086.pdf\" target=\"_new\">Fiche technique<\/a><\/p>\n","protected":false},"featured_media":3319,"comment_status":"closed","ping_status":"closed","template":"","meta":[],"product_cat":[134,136],"product_tag":[],"class_list":{"0":"post-4405","1":"product","2":"type-product","3":"status-publish","4":"has-post-thumbnail","6":"product_cat-pieces-detachees-pieces-de-rechange","7":"product_cat-grilles","9":"first","10":"instock","11":"taxable","12":"shipping-taxable","13":"purchasable","14":"product-type-simple"},"composite_virtual":false,"composite_layout":"","composite_add_to_cart_form_location":"","composite_editable_in_cart":false,"composite_sold_individually_context":"","composite_shop_price_calc":"","composite_components":[],"composite_scenarios":[],"aioseo_notices":[],"_links":{"self":[{"href":"https:\/\/scheco-ent.ch\/fr\/wp-json\/wp\/v2\/product\/4405","targetHints":{"allow":["GET"]}}],"collection":[{"href":"https:\/\/scheco-ent.ch\/fr\/wp-json\/wp\/v2\/product"}],"about":[{"href":"https:\/\/scheco-ent.ch\/fr\/wp-json\/wp\/v2\/types\/product"}],"replies":[{"embeddable":true,"href":"https:\/\/scheco-ent.ch\/fr\/wp-json\/wp\/v2\/comments?post=4405"}],"wp:featuredmedia":[{"embeddable":true,"href":"https:\/\/scheco-ent.ch\/fr\/wp-json\/wp\/v2\/media\/3319"}],"wp:attachment":[{"href":"https:\/\/scheco-ent.ch\/fr\/wp-json\/wp\/v2\/media?parent=4405"}],"wp:term":[{"taxonomy":"product_cat","embeddable":true,"href":"https:\/\/scheco-ent.ch\/fr\/wp-json\/wp\/v2\/product_cat?post=4405"},{"taxonomy":"product_tag","embeddable":true,"href":"https:\/\/scheco-ent.ch\/fr\/wp-json\/wp\/v2\/product_tag?post=4405"}],"curies":[{"name":"wp","href":"https:\/\/api.w.org\/{rel}","templated":true}]}}