{"id":4408,"date":"2016-10-12T09:59:56","date_gmt":"2016-10-12T07:59:56","guid":{"rendered":"https:\/\/scheco-ent.ch\/produkt\/pied-de-reglage-acier-brut-m8-x-100-mm\/"},"modified":"2016-10-12T09:59:56","modified_gmt":"2016-10-12T07:59:56","slug":"stellfuss-stahl-blank-m8-x-100-mm-2","status":"publish","type":"product","link":"https:\/\/scheco-ent.ch\/fr\/produkt\/stellfuss-stahl-blank-m8-x-100-mm-2\/","title":{"rendered":"Pied de r\u00e9glage acier brut M8 x 100 mm"},"content":{"rendered":"<p><span>Pied de r\u00e9glage acier brut M8 x 100 mm, avec deux \u00e9crous M8 zingu\u00e9s<\/span><\/p>\n","protected":false},"excerpt":{"rendered":"<p>Pied de r\u00e9glage acier brut M8 x 100 mm  <\/p>\n","protected":false},"featured_media":3560,"comment_status":"closed","ping_status":"closed","template":"","meta":[],"product_cat":[134,146],"product_tag":[],"class_list":{"0":"post-4408","1":"product","2":"type-product","3":"status-publish","4":"has-post-thumbnail","6":"product_cat-pieces-detachees-pieces-de-rechange","7":"product_cat-pieds-reglables-accessoires","9":"first","10":"instock","11":"taxable","12":"shipping-taxable","13":"purchasable","14":"product-type-simple"},"composite_virtual":false,"composite_layout":"","composite_add_to_cart_form_location":"","composite_editable_in_cart":false,"composite_sold_individually_context":"","composite_shop_price_calc":"","composite_components":[],"composite_scenarios":[],"aioseo_notices":[],"_links":{"self":[{"href":"https:\/\/scheco-ent.ch\/fr\/wp-json\/wp\/v2\/product\/4408","targetHints":{"allow":["GET"]}}],"collection":[{"href":"https:\/\/scheco-ent.ch\/fr\/wp-json\/wp\/v2\/product"}],"about":[{"href":"https:\/\/scheco-ent.ch\/fr\/wp-json\/wp\/v2\/types\/product"}],"replies":[{"embeddable":true,"href":"https:\/\/scheco-ent.ch\/fr\/wp-json\/wp\/v2\/comments?post=4408"}],"wp:featuredmedia":[{"embeddable":true,"href":"https:\/\/scheco-ent.ch\/fr\/wp-json\/wp\/v2\/media\/3560"}],"wp:attachment":[{"href":"https:\/\/scheco-ent.ch\/fr\/wp-json\/wp\/v2\/media?parent=4408"}],"wp:term":[{"taxonomy":"product_cat","embeddable":true,"href":"https:\/\/scheco-ent.ch\/fr\/wp-json\/wp\/v2\/product_cat?post=4408"},{"taxonomy":"product_tag","embeddable":true,"href":"https:\/\/scheco-ent.ch\/fr\/wp-json\/wp\/v2\/product_tag?post=4408"}],"curies":[{"name":"wp","href":"https:\/\/api.w.org\/{rel}","templated":true}]}}