{"id":4598,"date":"2017-03-03T09:48:52","date_gmt":"2017-03-03T08:48:52","guid":{"rendered":"https:\/\/scheco-ent.ch\/produkt\/siphon-a-cloche-scheco-type-425-100\/"},"modified":"2022-09-13T14:59:47","modified_gmt":"2022-09-13T12:59:47","slug":"glockensifon-scheco-typ-425100-2","status":"publish","type":"product","link":"https:\/\/scheco-ent.ch\/fr\/produkt\/glockensifon-scheco-typ-425100-2\/","title":{"rendered":"Siphon \u00e0 cloche Scheco type 425\/100"},"content":{"rendered":"<p>Scheco type 425\/100<\/p>\n<ul>\n<li>En acier inox. 1.4404 (V4A) d\u00e9cap\u00e9 et passiv\u00e9<\/li>\n<li>Avec siphon, homologu\u00e9 VSA selon la norme suisse 592 000<\/li>\n<li>Avec bride de collage Scheco type 426 (choisir la bride de collage dans le configurateur)<\/li>\n<li>Livrable du stock<\/li>\n<li>R\u00e9glable<\/li>\n<li>Rotatif<\/li>\n<li>Disponible avec caillebotis rond \u00d8 184 mm<\/li>\n<\/ul>\n<p>Fichier DXF : <a title=\"Feuille 81.DXF\" href=\"https:\/\/scheco-ent.ch\/cad\/Blatt%2081%20DXF.DXF\" target=\"_blank\" rel=\"noopener\">Feuille 81.DXF<\/a><\/p>\n<p>T\u00e9l\u00e9charger le croquis de ce type<\/p>\n<p><a href=\"https:\/\/scheco-ent.ch\/wp\/pdf\/Blatt%2081.pdf\" target=\"_new\">Fiche technique<\/a><\/p>\n","protected":false},"excerpt":{"rendered":"<p><span style=\"background-color: normal; font-weight: bold; font-style: normal; text-decoration: none; font-variant: normal; letter-spacing: normal; text-transform: none;\">Siphon de cloche Scheco type 425\/100<\/span><span style=\"background-color: normal; font-weight: normal; font-style: normal; text-decoration: none; font-variant: normal; letter-spacing: normal; text-transform: none;\"> en acier inoxydable 1.4404 (V4A) d\u00e9cap\u00e9 et passiv\u00e9.<\/span><\/p>\n<p><a href=\"https:\/\/scheco-ent.ch\/wp\/pdf\/Blatt%2081.pdf\" target=\"_new\">Fiche technique<\/a><\/p>\n","protected":false},"featured_media":3842,"comment_status":"closed","ping_status":"closed","template":"","meta":[],"product_cat":[143],"product_tag":[],"class_list":{"0":"post-4598","1":"product","2":"type-product","3":"status-publish","4":"has-post-thumbnail","6":"product_cat-siphon-cloche-vertical","8":"first","9":"instock","10":"taxable","11":"shipping-taxable","12":"purchasable","13":"product-type-composite"},"composite_virtual":false,"composite_layout":"paged","composite_add_to_cart_form_location":"default","composite_editable_in_cart":false,"composite_sold_individually_context":"product","composite_shop_price_calc":"min_max","composite_components":[{"id":"3489452454","title":"siphon cloche","description":"","query_type":"product_ids","query_ids":[4162],"default_option_id":4162,"thumbnail_id":"","thumbnail_src":"","quantity_min":1,"quantity_max":1,"priced_individually":true,"shipped_individually":false,"optional":false,"discount":"","options_style":"dropdowns","pagination_style":"classic","display_prices":"absolute","show_sorting_options":false,"show_filtering_options":false,"attribute_filter_ids":[],"select_action":"view","product_title_visible":true,"product_descr_visible":true,"product_price_visible":true,"product_thumb_visible":true,"subtotal_visible_product":true,"subtotal_visible_cart":true,"subtotal_visible_orders":true},{"id":"5173067449","title":"grille \/ couvercle","description":"","query_type":"product_ids","query_ids":[4203],"default_option_id":4203,"thumbnail_id":"","thumbnail_src":"","quantity_min":1,"quantity_max":1,"priced_individually":true,"shipped_individually":false,"optional":false,"discount":"","options_style":"dropdowns","pagination_style":"classic","display_prices":"absolute","show_sorting_options":false,"show_filtering_options":false,"attribute_filter_ids":[],"select_action":"view","product_title_visible":true,"product_descr_visible":true,"product_price_visible":true,"product_thumb_visible":true,"subtotal_visible_product":true,"subtotal_visible_cart":true,"subtotal_visible_orders":true},{"id":"4878577953","title":"Kit de montage (en option)","description":"","query_type":"product_ids","query_ids":[4410,4409,4408,4218],"default_option_id":"","thumbnail_id":"","thumbnail_src":"","quantity_min":1,"quantity_max":4,"priced_individually":true,"shipped_individually":false,"optional":true,"discount":"","options_style":"thumbnails","pagination_style":"classic","display_prices":"absolute","show_sorting_options":false,"show_filtering_options":false,"attribute_filter_ids":[],"select_action":"view","product_title_visible":true,"product_descr_visible":true,"product_price_visible":true,"product_thumb_visible":true,"subtotal_visible_product":true,"subtotal_visible_cart":true,"subtotal_visible_orders":true},{"id":"5233642443","title":"Kit de montage (en option)","description":"","query_type":"product_ids","query_ids":[4401],"default_option_id":"","thumbnail_id":"","thumbnail_src":"","quantity_min":4,"quantity_max":4,"priced_individually":true,"shipped_individually":false,"optional":true,"discount":"","options_style":"thumbnails","pagination_style":"classic","display_prices":"absolute","show_sorting_options":false,"show_filtering_options":false,"attribute_filter_ids":[],"select_action":"view","product_title_visible":true,"product_descr_visible":true,"product_price_visible":true,"product_thumb_visible":true,"subtotal_visible_product":true,"subtotal_visible_cart":true,"subtotal_visible_orders":true},{"id":"4865810770","title":"Kit de montage (en option)","description":"","query_type":"product_ids","query_ids":[4397],"default_option_id":"","thumbnail_id":"","thumbnail_src":"","quantity_min":4,"quantity_max":4,"priced_individually":true,"shipped_individually":false,"optional":true,"discount":"","options_style":"thumbnails","pagination_style":"classic","display_prices":"absolute","show_sorting_options":false,"show_filtering_options":false,"attribute_filter_ids":[],"select_action":"view","product_title_visible":true,"product_descr_visible":true,"product_price_visible":true,"product_thumb_visible":true,"subtotal_visible_product":true,"subtotal_visible_cart":true,"subtotal_visible_orders":true},{"id":"6116887463","title":"Kit de montage (en option)","description":"","query_type":"product_ids","query_ids":[4401],"default_option_id":"","thumbnail_id":"","thumbnail_src":"","quantity_min":4,"quantity_max":4,"priced_individually":true,"shipped_individually":false,"optional":true,"discount":"","options_style":"thumbnails","pagination_style":"classic","display_prices":"absolute","show_sorting_options":false,"show_filtering_options":false,"attribute_filter_ids":[],"select_action":"view","product_title_visible":true,"product_descr_visible":true,"product_price_visible":true,"product_thumb_visible":true,"subtotal_visible_product":true,"subtotal_visible_cart":true,"subtotal_visible_orders":true},{"id":"4151352149","title":"Kit de montage (en option)","description":"","query_type":"product_ids","query_ids":[4397],"default_option_id":"","thumbnail_id":"","thumbnail_src":"","quantity_min":4,"quantity_max":4,"priced_individually":true,"shipped_individually":false,"optional":true,"discount":"","options_style":"thumbnails","pagination_style":"classic","display_prices":"absolute","show_sorting_options":false,"show_filtering_options":false,"attribute_filter_ids":[],"select_action":"view","product_title_visible":true,"product_descr_visible":true,"product_price_visible":true,"product_thumb_visible":true,"subtotal_visible_product":true,"subtotal_visible_cart":true,"subtotal_visible_orders":true},{"id":"8925193214","title":"Kit de montage (en option)","description":"","query_type":"product_ids","query_ids":[4401],"default_option_id":"","thumbnail_id":"","thumbnail_src":"","quantity_min":4,"quantity_max":4,"priced_individually":true,"shipped_individually":false,"optional":true,"discount":"","options_style":"thumbnails","pagination_style":"classic","display_prices":"absolute","show_sorting_options":false,"show_filtering_options":false,"attribute_filter_ids":[],"select_action":"view","product_title_visible":true,"product_descr_visible":true,"product_price_visible":true,"product_thumb_visible":true,"subtotal_visible_product":true,"subtotal_visible_cart":true,"subtotal_visible_orders":true},{"id":"2967468746","title":"Kit de montage (en option)","description":"","query_type":"product_ids","query_ids":[4397],"default_option_id":"","thumbnail_id":"","thumbnail_src":"","quantity_min":4,"quantity_max":4,"priced_individually":true,"shipped_individually":false,"optional":true,"discount":"","options_style":"thumbnails","pagination_style":"classic","display_prices":"absolute","show_sorting_options":false,"show_filtering_options":false,"attribute_filter_ids":[],"select_action":"view","product_title_visible":true,"product_descr_visible":true,"product_price_visible":true,"product_thumb_visible":true,"subtotal_visible_product":true,"subtotal_visible_cart":true,"subtotal_visible_orders":true}],"composite_scenarios":[{"id":"1640009325","name":"5026185","description":"","configuration":[{"component_id":"3489452454","options_modifier":"in","component_options":[4162]},{"component_id":"5173067449","options_modifier":"in","component_options":[4203]},{"component_id":"4878577953","options_modifier":"in","component_options":[4218]}],"actions":[{"action_id":"compat_group","is_active":false},{"action_id":"conditional_components","is_active":true,"hidden_components":["5233642443","6116887463","8925193214","4865810770","4151352149","2967468746"]},{"action_id":"conditional_options","is_active":false,"hidden_options":[]}],"enabled":true},{"id":"1640009326","name":"5026185 - 5026110","description":"","configuration":[{"component_id":"3489452454","options_modifier":"in","component_options":[4162]},{"component_id":"5173067449","options_modifier":"in","component_options":[4203]},{"component_id":"4878577953","options_modifier":"in","component_options":[4410]}],"actions":[{"action_id":"compat_group","is_active":false},{"action_id":"conditional_components","is_active":true,"hidden_components":["6116887463","8925193214","4151352149","2967468746"]},{"action_id":"conditional_options","is_active":false,"hidden_options":[]}],"enabled":true},{"id":"1640009327","name":"5026185 - 5026110 - 5026110optional","description":"","configuration":[{"component_id":"4878577953","options_modifier":"in","component_options":[-1]}],"actions":[{"action_id":"compat_group","is_active":false},{"action_id":"conditional_components","is_active":true,"hidden_components":["6116887463","8925193214","4151352149","2967468746"]},{"action_id":"conditional_options","is_active":false,"hidden_options":[]}],"enabled":true},{"id":"1640009328","name":"5026185 - 5026110 - 5026110optional - 5026114","description":"","configuration":[{"component_id":"3489452454","options_modifier":"in","component_options":[4162]},{"component_id":"5173067449","options_modifier":"in","component_options":[4203]},{"component_id":"4878577953","options_modifier":"any"},{"component_id":"5233642443","options_modifier":"any"},{"component_id":"4865810770","options_modifier":"in","component_options":[4397]}],"actions":[{"action_id":"compat_group","is_active":false},{"action_id":"conditional_components","is_active":true,"hidden_components":[]},{"action_id":"conditional_options","is_active":false,"hidden_options":[]}],"enabled":true},{"id":"1640009329","name":"5026111","description":"","configuration":[{"component_id":"3489452454","options_modifier":"in","component_options":[4162]},{"component_id":"5173067449","options_modifier":"in","component_options":[4203]},{"component_id":"4878577953","options_modifier":"in","component_options":[4409]}],"actions":[{"action_id":"compat_group","is_active":false},{"action_id":"conditional_components","is_active":true,"hidden_components":["5233642443","8925193214","4865810770","2967468746"]},{"action_id":"conditional_options","is_active":false,"hidden_options":[]}],"enabled":true},{"id":"1640009330","name":"5026111 - 5026111optional","description":"","configuration":[{"component_id":"4878577953","options_modifier":"in","component_options":[-1]}],"actions":[{"action_id":"compat_group","is_active":false},{"action_id":"conditional_components","is_active":true,"hidden_components":["5233642443","8925193214","4865810770","2967468746"]},{"action_id":"conditional_options","is_active":false,"hidden_options":[]}],"enabled":true},{"id":"1640009331","name":"5026111 - 5026111optional - 5026114","description":"","configuration":[{"component_id":"3489452454","options_modifier":"in","component_options":[4162]},{"component_id":"5173067449","options_modifier":"in","component_options":[4203]},{"component_id":"4878577953","options_modifier":"any"},{"component_id":"6116887463","options_modifier":"any"},{"component_id":"4151352149","options_modifier":"in","component_options":[4397]}],"actions":[{"action_id":"compat_group","is_active":false},{"action_id":"conditional_components","is_active":true,"hidden_components":[]},{"action_id":"conditional_options","is_active":false,"hidden_options":[]}],"enabled":true},{"id":"1640009332","name":"5026112","description":"","configuration":[{"component_id":"3489452454","options_modifier":"in","component_options":[4162]},{"component_id":"5173067449","options_modifier":"in","component_options":[4203]},{"component_id":"4878577953","options_modifier":"in","component_options":[4408]}],"actions":[{"action_id":"compat_group","is_active":false},{"action_id":"conditional_components","is_active":true,"hidden_components":["5233642443","6116887463","4865810770","4151352149"]},{"action_id":"conditional_options","is_active":false,"hidden_options":[]}],"enabled":true},{"id":"1640009333","name":"5026112 - 5026112optional","description":"","configuration":[{"component_id":"4878577953","options_modifier":"in","component_options":[-1]}],"actions":[{"action_id":"compat_group","is_active":false},{"action_id":"conditional_components","is_active":true,"hidden_components":["5233642443","6116887463","4865810770","4151352149"]},{"action_id":"conditional_options","is_active":false,"hidden_options":[]}],"enabled":true},{"id":"1640009334","name":"5026112 - 5026112optional - 5026114","description":"","configuration":[{"component_id":"3489452454","options_modifier":"in","component_options":[4162]},{"component_id":"5173067449","options_modifier":"in","component_options":[4203]},{"component_id":"4878577953","options_modifier":"any"},{"component_id":"8925193214","options_modifier":"any"},{"component_id":"2967468746","options_modifier":"in","component_options":[4397]}],"actions":[{"action_id":"compat_group","is_active":false},{"action_id":"conditional_components","is_active":true,"hidden_components":[]},{"action_id":"conditional_options","is_active":false,"hidden_options":[]}],"enabled":true}],"aioseo_notices":[],"_links":{"self":[{"href":"https:\/\/scheco-ent.ch\/fr\/wp-json\/wp\/v2\/product\/4598","targetHints":{"allow":["GET"]}}],"collection":[{"href":"https:\/\/scheco-ent.ch\/fr\/wp-json\/wp\/v2\/product"}],"about":[{"href":"https:\/\/scheco-ent.ch\/fr\/wp-json\/wp\/v2\/types\/product"}],"replies":[{"embeddable":true,"href":"https:\/\/scheco-ent.ch\/fr\/wp-json\/wp\/v2\/comments?post=4598"}],"wp:featuredmedia":[{"embeddable":true,"href":"https:\/\/scheco-ent.ch\/fr\/wp-json\/wp\/v2\/media\/3842"}],"wp:attachment":[{"href":"https:\/\/scheco-ent.ch\/fr\/wp-json\/wp\/v2\/media?parent=4598"}],"wp:term":[{"taxonomy":"product_cat","embeddable":true,"href":"https:\/\/scheco-ent.ch\/fr\/wp-json\/wp\/v2\/product_cat?post=4598"},{"taxonomy":"product_tag","embeddable":true,"href":"https:\/\/scheco-ent.ch\/fr\/wp-json\/wp\/v2\/product_tag?post=4598"}],"curies":[{"name":"wp","href":"https:\/\/api.w.org\/{rel}","templated":true}]}}